{"id":1157,"date":"2019-10-31T05:48:15","date_gmt":"2019-10-31T02:48:15","guid":{"rendered":"https:\/\/b-lingua.ee\/?page_id=1157"},"modified":"2021-03-10T18:23:16","modified_gmt":"2021-03-10T15:23:16","slug":"kvaliteedi-tagamise-alused","status":"publish","type":"page","link":"https:\/\/b-lingua.ee\/?page_id=1157","title":{"rendered":"Kvaliteedi tagamise alused"},"content":{"rendered":"<p><strong>KVALITEEDI TAGAMISE ALUSED<\/strong><\/p>\n<ol>\n<li><strong> \u00dcLDS\u00c4TTED<\/strong><\/li>\n<\/ol>\n<p>1.1. B-Lingua Koolitused O\u00dc (registrinumber 14641760) poolt asutatud koolitusasutuse nimi on B-Lingua Kool (edaspidi Kool), mis l\u00e4htub t\u00e4ienduskoolituse kvaliteedi tagamisel t\u00e4iskasvanute koolituse seadusest, ettev\u00f5tte \u00e4rieetikast, p\u00f5hikirjast ja \u00f5ppekorralduse alustest.<br \/>\n1.2. Kool pakub t\u00e4iskasvanutele suunatud t\u00f6\u00f6alast ja vabahariduslikku t\u00e4iendkoolitust.<br \/>\n1.3. Koolituste l\u00e4biviimisel ja suhtlemisel klientidega tuleb igal koolitajal juhinduda v\u00e4\u00e4rtusp\u00f5hisest suhtest, avatusest, aususest ja abivalmidusest.<\/p>\n<ol start=\"2\">\n<li><strong> \u00d5PPEKAVADE KVALITEEDI TAGAMISE TINGIMUSED JA KORD<\/strong><\/li>\n<\/ol>\n<p>2.1 \u00d5ppekavade koostamisel l\u00e4htutakse t\u00e4iskasvanute koolituse seadusest, t\u00e4ienduskoolituse \u00f5ppekava koostamise juhendmaterjalist ja t\u00e4ienduskoolituse standardist.<br \/>\n2.2 Kooli \u00f5ppekavas s\u00e4testatakse j\u00e4rgmised andmed:<br \/>\n1) \u00f5ppekava nimetus;<br \/>\n2) \u00f5ppekavar\u00fchm;<br \/>\n3) \u00f5ppekava eesm\u00e4rk ja \u00f5piv\u00e4ljundid;<br \/>\n4) \u00f5pingute alustamise tingimused, juhul kui need on eeltingimuseks \u00f5piv\u00e4ljundite saavutamisel;<br \/>\n5) \u00f5ppe kogumaht, sealhulgas auditoorse, praktilise ja iseseisva t\u00f6\u00f6 osakaal;<br \/>\n6) \u00f5ppe sisu;<br \/>\n7) \u00f5ppekeskkonna kirjeldus;<br \/>\n8) \u00f5ppematerjalide loend, juhul kui \u00f5ppekava l\u00e4bimiseks on ette n\u00e4htud \u00f5ppematerjalid;<br \/>\n9) l\u00f5petamise tingimused ja v\u00e4ljastatavad dokumendid;<br \/>\n10) koolituse l\u00e4biviimiseks vajaliku kvalifikatsiooni, \u00f5pi- v\u00f5i t\u00f6\u00f6kogemuse kirjeldus.<\/p>\n<p>2.3 \u00d5ppekava koostamisel l\u00e4htutatakse sihtgruppide vajadustest ning iga koolitus peab olema praktilise suunitlusega ja aitama sihtgrupil saavutada paremaid ning m\u00f5\u00f5detavaid tulemusi.<br \/>\n2.4 Iga koolituse juures on viide kehtivale \u00f5ppekavale.<\/p>\n<ol start=\"3\">\n<li><strong> \u00d5PPEKESKKONNA KVALITEEDI TAGAMISE TINGIMUSED JA KORD<\/strong><\/li>\n<\/ol>\n<p>3.1. Kool viib l\u00e4bi koolitusi \u00f5ppeklassis, mis vastab tervisekaitse n\u00f5uetele. \u00d5ppeklass on varustatud t\u00e4nap\u00e4evase esitlustehnikaga (dataprojektor, arvuti jne) ja tahvliga.<br \/>\n3.2. Kooli poolt korraldatavatel\u00a0 koolitustel on \u00f5ppematerjalid k\u00e4ttesaadavad\u00a0 paberkandjal ja\/v\u00f5i elektrooniliselt.<br \/>\n3.3. Koolitusgrupi suurus s\u00f5ltub koolitusest, kuid eesm\u00e4rgiks on siiski tagada individuaalne l\u00e4henemine kogu \u00f5ppeprotsessi jooksul.<\/p>\n<ol start=\"4\">\n<li><strong> KOOLITAJATE KVALITEEDI TAGAMISE TINGIMUSED JA KORD<\/strong><\/li>\n<\/ol>\n<p>4.1 Lektorid peavad omama k\u00f5rgemat erialast ning pedagoogilist haridust v\u00f5i olema aktiivselt tegutsenud \u00f5petatavas valdkonnas ning omama vastavasisulist kogemust, mida nad on v\u00f5imelised t\u00f5estama.<br \/>\n4.2 Lektor peab koostama iga koolituse jaoks ainekaardi vastavalt \u00f5ppekavale.<br \/>\n4.3 Lektor esitab Kooli juhatajale peale koolituse l\u00f5ppu tagasiside koolitustulemuste ja parandusettepanekute kohta.<br \/>\n4.4 P\u00e4rast tagasisidelehtede saamist \u00f5pilaste poolt anal\u00fc\u00fcsib kooli juhtkond nii koolitustulemused kui ka tagasisidelehtede sisu l\u00e4bi ja teeb parendusettepanekud lektorile.<\/p>\n<ol start=\"5\">\n<li><strong> T\u00c4IENDUSKOOLITUSE KOHTA TAGASISIDE KOGUMISE KORD<\/strong><\/li>\n<\/ol>\n<p>5.1 Kool\u00a0 k\u00fcsib peale igat koolitust osalejatelt tagasisidet ja parandusettepanekuid. Tagasisidet v\u00f5ib anda nii kirjalikult paberkandjal kui ka digitaalselt, samuti videointervjuuna. Saadud tagasisidet anal\u00fc\u00fcsime ning kasutame selleks, et pakkuda veelgi kvaliteetsemaid koolitusi.<br \/>\n5.2\u00a0 Kool kogub \u00f5ppijate kohta j\u00e4rgmisi andmeid: nimi, e-post, telefon ja isikukood. Isikuandmeid t\u00f6\u00f6deldakse vastavalt Isikuandmete kaitse seadusele \u00a76.<\/p>\n<p>&nbsp;<\/p>\n","protected":false},"excerpt":{"rendered":"<p>KVALITEEDI TAGAMISE ALUSED \u00dcLDS\u00c4TTED 1.1. B-Lingua Koolitused O\u00dc (registrinumber 14641760) poolt asutatud koolitusasutuse nimi on B-Lingua Kool (edaspidi Kool), mis l\u00e4htub t\u00e4ienduskoolituse kvaliteedi tagamisel t\u00e4iskasvanute koolituse seadusest, ettev\u00f5tte \u00e4rieetikast, p\u00f5hikirjast ja \u00f5ppekorralduse alustest. 1.2. Kool pakub t\u00e4iskasvanutele suunatud t\u00f6\u00f6alast ja vabahariduslikku t\u00e4iendkoolitust. 1.3. Koolituste l\u00e4biviimisel ja suhtlemisel klientidega tuleb igal koolitajal juhinduda v\u00e4\u00e4rtusp\u00f5hisest suhtest, avatusest, [&hellip;]<\/p>\n","protected":false},"author":1,"featured_media":0,"parent":0,"menu_order":0,"comment_status":"closed","ping_status":"closed","template":"","meta":{"footnotes":""},"class_list":["post-1157","page","type-page","status-publish","hentry"],"_links":{"self":[{"href":"https:\/\/b-lingua.ee\/index.php?rest_route=\/wp\/v2\/pages\/1157","targetHints":{"allow":["GET"]}}],"collection":[{"href":"https:\/\/b-lingua.ee\/index.php?rest_route=\/wp\/v2\/pages"}],"about":[{"href":"https:\/\/b-lingua.ee\/index.php?rest_route=\/wp\/v2\/types\/page"}],"author":[{"embeddable":true,"href":"https:\/\/b-lingua.ee\/index.php?rest_route=\/wp\/v2\/users\/1"}],"replies":[{"embeddable":true,"href":"https:\/\/b-lingua.ee\/index.php?rest_route=%2Fwp%2Fv2%2Fcomments&post=1157"}],"version-history":[{"count":5,"href":"https:\/\/b-lingua.ee\/index.php?rest_route=\/wp\/v2\/pages\/1157\/revisions"}],"predecessor-version":[{"id":1679,"href":"https:\/\/b-lingua.ee\/index.php?rest_route=\/wp\/v2\/pages\/1157\/revisions\/1679"}],"wp:attachment":[{"href":"https:\/\/b-lingua.ee\/index.php?rest_route=%2Fwp%2Fv2%2Fmedia&parent=1157"}],"curies":[{"name":"wp","href":"https:\/\/api.w.org\/{rel}","templated":true}]}}