{"id":1175,"date":"2019-10-31T06:40:40","date_gmt":"2019-10-31T03:40:40","guid":{"rendered":"https:\/\/b-lingua.ee\/?page_id=1175"},"modified":"2021-03-10T18:24:05","modified_gmt":"2021-03-10T15:24:05","slug":"oppekorralduse-alused","status":"publish","type":"page","link":"https:\/\/b-lingua.ee\/?page_id=1175","title":{"rendered":"\u00d5ppekorralduse alused"},"content":{"rendered":"<p>[vc_section][\/vc_section]<\/p>\n<p><strong>\u00d5ppekorralduse alused<\/strong><\/p>\n<ol>\n<li><strong> \u00dcLDS\u00c4TTED<\/strong><br \/>\n1.1. B-Lingua koolitused O\u00dc (14641760) (edaspidi pidaja) poolt asutatud koolitusasutuse nimi on B-Lingua Kool (edaspidi Kool) l\u00e4htub t\u00e4ienduskoolituse korraldamisel kehtivatest t\u00e4iskasvanuhariduse valdkonna \u00f5igusaktidest ning teistest asjakohastest \u00f5igusaktidest ja dokumentidest.<br \/>\n1.2. Kool korraldab t\u00e4iskasvanutele suunatud t\u00f6\u00f6alast ja vabahariduslikku t\u00e4iendkoolitust.<br \/>\n1.3. \u00d5ppet\u00f6\u00f6 toimub ppet\u00f6\u00f6ks sobivates, tunni alusel renditavates ruumides. Organisatsioonisisesed koolitused viiakse l\u00e4bi koolituse tellija koolitusruumides.<br \/>\n1.4. Koolitused toimuvad koolituskalendri alusel. Koolituse mahtu arvestatakse akadeemilistes tundides, kus \u00fcks akadeemiline tund on 45 minutit.<br \/>\n1.5. Koolitused toimuvad valdavalt grupikoolitusena. Individuaal\u00f5ppe puhul viiakse koolitus l\u00e4bi \u00f5ppija vajadustest l\u00e4htuva individuaalse \u00f5ppekava alusel.<br \/>\n1.6 \u00d5ppet\u00f6\u00f6 toimub eesti, inglise, saksa v\u00f5i vene keeles.<br \/>\n1.7 Asjaajamiskeel koolis on eesti ja vene keel.<br \/>\n1.8 \u00d5ppet\u00f6\u00f6 toimub p\u00e4evase v\u00f5i \u00f5htuse grupi vormis.<br \/>\n1.9 \u00d5pingute alusdokument on \u00f5ppekava, kus on m\u00e4\u00e4ratletud v\u00e4hemalt:<br \/>\n1.9.1 \u00f5ppekava nimetus;<br \/>\n1.9.2 \u00f5ppekavar\u00fchm;<br \/>\n1.9.3 \u00f5ppeesm\u00e4rk;<br \/>\n1.9.4 \u00f5piv\u00e4ljundid;<br \/>\n1.9.5 \u00f5ppekava koostamise alus;<br \/>\n1.9.6 sihtgrupp;<br \/>\n1.9.7 \u00f5ppekeel;<br \/>\n1.9.8 \u00f5pingute alustamise tingimused, juhul kui need on eeltingimuseks \u00f5piv\u00e4ljundite saavutamisel;<br \/>\n1.9.9 \u00f5ppe kogumaht, sealhulgas auditoorse, praktilise ja iseseisva t\u00f6\u00f6 osakaal;<br \/>\n1.9.10 \u00f5ppe sisu;<br \/>\n1.9.11 \u00f5ppekeskkonna kirjeldus;<br \/>\n1.9.12 \u00f5ppemeetod;<br \/>\n1.9.13 \u00f5ppematerjalide loend, juhul kui \u00f5ppekava l\u00e4bimiseks on ette n\u00e4htud \u00f5ppematerjalid;<br \/>\n1.9.14 n\u00f5uded \u00f5pingute l\u00f5petamiseks ja v\u00e4ljastatavad dokumendid;<br \/>\n1.9.15 koolituse l\u00e4biviimiseks vajaliku kvalifikatsiooni, \u00f5pi- v\u00f5i t\u00f6\u00f6kogemuse kirjeldus.<br \/>\n1.10 \u00d5ppekava ja muudatused \u00f5ppekavas kinnitab pidaja.<\/li>\n<li><strong> KOOLITUSELE REGISTREERUMINE JA KOOLITUSGRUPI KOMPLEKTEERIMINE<\/strong><br \/>\n2.1. Koolitusele tuleb eelnevalt registreeruda. Registreeruda saab internetis (www.b-lingua.ee\/taiskasvanutele\/), e-posti teel (info@b-lingua.ee) v\u00f5i telefoni teel (58101778). Interneti teel registreerunud saavad registreerumise kinnituse e-posti aadressile.<br \/>\n2.2. \u00d5ppegrupp moodustatakse koolitusele registreerumise j\u00e4rjekorra alusel.<br \/>\n2.3. Koolituse alustamiseks koostatakse koolitusel \u00f5ppijate nimekiri.<br \/>\n2.4. Koolil on koolitusgrupi mittet\u00e4itumisel \u00f5igus koolitus \u00e4ra j\u00e4tta v\u00f5i koolitust edasi l\u00fckata koolitusgrupi t\u00e4itumiseni.<br \/>\n2.5. Registreerunuid teavitatakse telefoni v\u00f5i e-posti teel v\u00e4hemalt kolmep\u00e4evase etteteatamisega.<br \/>\n2.6. Koolituse \u00e4raj\u00e4\u00e4misel korraldajatest tulenevatel p\u00f5hjustel makstakse koolituse tasu tagasi.<\/li>\n<li><strong> KOOLITUSE ALUSTAMINE JA KOOLITUSEL OSALEMINE<\/strong><br \/>\n3.1. Koolitusel \u00f5ppimist saavad alustada \u00f5ppijad, kes on kooli poolt \u00f5ppegruppi arvatud ning kes on tasunud \u00f5ppemaksu v\u00f5i saanud ettev\u00f5tte\/asutuse poolt tasumist t\u00f5endava kinnituskirja.<br \/>\n3.2. \u00d5ppet\u00f6\u00f6st osav\u00f5ttu kinnitab osaleja esimesel tunnil oma allkirjaga registreerimislehel allkirjastades \u00fchtlasi \u00f5ppija ja kooli suhteid reguleeriva sellekohase lepingu.<\/li>\n<li><strong> KOOLITUSE L\u00d5PETAMINE JA V\u00c4LJAARVAMISE KORD<\/strong><br \/>\n4.1. \u00d5ppija v\u00f5etakse B-Lingua Kooli kursusele isikliku sooviavalduse v\u00f5i klientfirma koolitustellimuse alusel.<br \/>\n4.2. Kooli vastuv\u00f5tmisel s\u00f5lmitakse Kooli esindaja ja \u00f5ppija v\u00f5i klientfirma esindaja koolitusleping, millele kantakse lektori nimi, koolituse toimumise aeg, kestus, koht ja \u00f5ppemaksu suurus ning selle maksmise tingimused.<br \/>\n4.3. \u00d5ppija arvatakse Koolist v\u00e4lja sooviavalduse p\u00f5hjal, talle esitatud arve maksmata j\u00e4tmisel v\u00f5i lepingutingimuste rikkumisel. Igat juhtumist vaadatakse l\u00e4bi \u00fcksikjuhtumi p\u00f5hiselt.<br \/>\n4.4. \u00d5ppija on l\u00f5petanud Kooli valitud kursuse, kui \u00f5ppekava mahust on t\u00e4idetud \u00f5ppekavast tulenevad n\u00f5uded (praktiline t\u00f6\u00f6, eksam, arvestus, jne).<br \/>\n4.5. L\u00f5putesti, -arvestuse v\u00f5i -eksami edukal sooritamisel saab kursuse l\u00f5petanu Kooli tunnistuse.<br \/>\n4.6. Koolituse kohta tagasiside saamiseks t\u00e4idavad koolituse l\u00f5petajad kursuse l\u00f5pus ankeetk\u00fcsimustiku.<\/li>\n<li><strong> \u00d5PPEMAKSU KEHTESTAMISE, SELLEST VABASTAMISE JA \u00d5PPEMAKSU SOODUSTUSTE NING \u00d5PPETOETUSTE ANDMISE ALUSED JA KORD<\/strong><br \/>\n5.1. \u00d5ppemaksu suuruse kehtestab Kooli pidaja v\u00e4hemalt 10 p\u00e4eva enne \u00f5ppet\u00f6\u00f6 algust.<br \/>\n5.2. \u00d5ppekavas toodud koolituse \u00f5ppemaksu piirid kehtestatakse igaks kursuseks eraldi. Kursuse jooksul \u00f5ppemaksu ei t\u00f5steta, sooduspakkumiste korras v\u00f5ib \u00f5ppemaksu v\u00e4hendada.<br \/>\n5.3. Koolituse eest tasumine toimub arve alusel enne koolituse algust. Arve saadetakse e-posti teel. Arve tuleb tasuda arvel m\u00e4rgitud t\u00e4htajaks.<br \/>\n5.4. Makset\u00e4htaja \u00fcletamisel 45 p\u00e4eva ja\/v\u00f5i hoolimata meiepoolsetest meeldetuletustest, antakse tasumata arve inkassofirmale edasiseks k\u00e4sitlemiseks.<br \/>\n5.5. Koolituse eest on v\u00f5imalus tasuda osamaksetena, mille kohta s\u00f5lmitakse maksjaga eraldi kokkulepe.<\/li>\n<li><strong> KOOLITUSEST LOOBUMINE<\/strong><br \/>\n6.1. Kui koolitusele registreerunul ei ole v\u00f5imalik koolitusest osa v\u00f5tta, tuleb sellest teavitada kooli e-kirja teel (info@b-lingua.ee).<br \/>\n6.2. Makstud \u00f5ppetasu on v\u00f5imalik \u00fcle kanda teisele koolitusele.<br \/>\n6.3. Koolitusele mitteilmumisel ja sellest mitteteatamisel, koolituse poolelij\u00e4tmisel \u00f5ppetasu ei tagastata.<br \/>\n6.4. Osaliselt tagastatakse \u00f5ppetasu juhul, kui osaleja teavitab loobumisest mitte hiljem kui 14 p\u00e4eva enne koolituse algust ja kui koolituskeskus on teinud eelnevaid kulutusi (ostnud materjale \u00a0vmt.)<br \/>\n6.5. Koolituse \u00e4raj\u00e4\u00e4misel korraldajatest tulenevatel p\u00f5hjustel makstakse koolituse tasu tagasi.<\/li>\n<li><strong> KOOLITUSE KATKESTAMINE<\/strong><br \/>\n7.1. Koolituse poolelij\u00e4tmisel \u00f5ppetasu ei tagastata. Kui katkestamiseks on m\u00f5juv p\u00f5hjus (tervislikud p\u00f5hjused, komandeering vms), siis saab \u00f5ppija liituda j\u00e4rgmise grupiga.<\/li>\n<li><strong> \u00d5PPIJA \u00d5IGUSED JA KOHUSTUSED<\/strong><br \/>\n8.1. \u00d5ppijal on \u00f5igus:<br \/>\n\u2022 saada \u00f5ppekavas etten\u00e4htud koolitust vastavalt valitud kursusele, ette n\u00e4htud mahus, kohas ja ajal p\u00e4rast \u00f5ppemaksu tasumist.<br \/>\n\u2022 saada teavet koolituse \u00f5ppekorralduse ja \u00f5ppekava kohta;<br \/>\n\u2022 n\u00f5uda \u00f5ppemaksu tagastamist Kooli s\u00fc\u00fcl \u00e4ra j\u00e4\u00e4nud kursuste eest;<br \/>\n\u2022 lahkuda omal soovil enne \u00f5ppeperioodi l\u00f5ppu, kusjuures sel juhul \u00f5ppemaksu ei tagastata v\u00f5i tagastatakse osaliselt juhul, kui osaleja teavitab loobumisest mitte hiljem kui 14 p\u00e4eva enne koolituse algust ja kui koolituskeskus on teinud eelnevaid kulutusi.<br \/>\n\u2022 saada kursuse l\u00f5pus l\u00f5putesti, -arvestuse v\u00f5i -eksami edukal sooritamisel seda kinnitav tunnistus.<br \/>\n8.2. \u00d5ppija on kohustatud:<br \/>\n\u2022 hoidma heaperemehelikult tema kasutusse antud \u00f5ppevahendeid ja Kooli vara;<br \/>\n\u2022 k\u00e4ituma vastavalt \u00fcldtunnustatud k\u00f5lblusnormidele;<br \/>\n\u2022 tasuma \u00f5ppemaksu arvel kajastatud summas ja vastavalt arvel kirjutatud kuup\u00e4evale.<\/li>\n<li><strong> LEKTORITE KVALIFIKATSIOONIN\u00d5UDED<\/strong><br \/>\n9.1. Lektorid peavad omama k\u00f5rgemat erialast ning pedagoogilist haridust v\u00f5i olema aktiivselt tegutsenud \u00f5petatavas valdkonnas ning omama vastavasisulist kogemust, mida nad on v\u00f5imelised t\u00f5estama.<\/li>\n<li><strong> VAIDLUSTE LAHENDAMISE KORD<\/strong><br \/>\n10.1. Kooli pidaja ja \u00f5ppija\/lektori vahel tekkinud eriarvamused ja vaidlused lahendavad pooled eelk\u00f5ige l\u00e4bir\u00e4\u00e4kimiste teel. Kui tekkinud erimeelsusi ei \u00f5nnestu lahendada l\u00e4bir\u00e4\u00e4kimistega, lahendatakse vaidlus maakohtus.<\/li>\n<\/ol>\n<p>&nbsp;<\/p>\n","protected":false},"excerpt":{"rendered":"<p>[vc_section][\/vc_section] \u00d5ppekorralduse alused \u00dcLDS\u00c4TTED 1.1. B-Lingua koolitused O\u00dc (14641760) (edaspidi pidaja) poolt asutatud koolitusasutuse nimi on B-Lingua Kool (edaspidi Kool) l\u00e4htub t\u00e4ienduskoolituse korraldamisel kehtivatest t\u00e4iskasvanuhariduse valdkonna \u00f5igusaktidest ning teistest asjakohastest \u00f5igusaktidest ja dokumentidest. 1.2. Kool korraldab t\u00e4iskasvanutele suunatud t\u00f6\u00f6alast ja vabahariduslikku t\u00e4iendkoolitust. 1.3. \u00d5ppet\u00f6\u00f6 toimub ppet\u00f6\u00f6ks sobivates, tunni alusel renditavates ruumides. Organisatsioonisisesed koolitused viiakse l\u00e4bi [&hellip;]<\/p>\n","protected":false},"author":1,"featured_media":0,"parent":0,"menu_order":0,"comment_status":"closed","ping_status":"closed","template":"","meta":{"footnotes":""},"class_list":["post-1175","page","type-page","status-publish","hentry"],"_links":{"self":[{"href":"https:\/\/b-lingua.ee\/index.php?rest_route=\/wp\/v2\/pages\/1175","targetHints":{"allow":["GET"]}}],"collection":[{"href":"https:\/\/b-lingua.ee\/index.php?rest_route=\/wp\/v2\/pages"}],"about":[{"href":"https:\/\/b-lingua.ee\/index.php?rest_route=\/wp\/v2\/types\/page"}],"author":[{"embeddable":true,"href":"https:\/\/b-lingua.ee\/index.php?rest_route=\/wp\/v2\/users\/1"}],"replies":[{"embeddable":true,"href":"https:\/\/b-lingua.ee\/index.php?rest_route=%2Fwp%2Fv2%2Fcomments&post=1175"}],"version-history":[{"count":3,"href":"https:\/\/b-lingua.ee\/index.php?rest_route=\/wp\/v2\/pages\/1175\/revisions"}],"predecessor-version":[{"id":1677,"href":"https:\/\/b-lingua.ee\/index.php?rest_route=\/wp\/v2\/pages\/1175\/revisions\/1677"}],"wp:attachment":[{"href":"https:\/\/b-lingua.ee\/index.php?rest_route=%2Fwp%2Fv2%2Fmedia&parent=1175"}],"curies":[{"name":"wp","href":"https:\/\/api.w.org\/{rel}","templated":true}]}}