{"id":1229,"date":"2020-01-12T23:32:19","date_gmt":"2020-01-12T20:32:19","guid":{"rendered":"https:\/\/b-lingua.ee\/?page_id=1229"},"modified":"2026-04-05T18:08:23","modified_gmt":"2026-04-05T15:08:23","slug":"koolitajad","status":"publish","type":"page","link":"https:\/\/b-lingua.ee\/?page_id=1229","title":{"rendered":"KOOLITAJAD"},"content":{"rendered":"<div class=\"wpb-content-wrapper\"><p>[vc_row][vc_column width=&#8221;3\/4&#8243;][vc_column_text css=&#8221;&#8221;]<span style=\"color: #f05a28; font-size: 20px; font-weight: bold;\">DARJA BERESTOVA<\/span><\/p>\n<div>\n<div><b>Haridus:<\/b> Tartu \u00dclikool Narva Kolled\u017e, magistrikraad<\/div>\n<\/div>\n<div>\n<div><b>T\u00f6\u00f6kogemus:<\/b> 15+ aastat<\/div>\n<\/div>\n<div>\n<div><b>Tasemed:<\/b> A1\u2013C1 (sh eksamivalmistus)<\/div>\n<\/div>\n<div>\n<div><b>\u00d5ppevorm:<\/b> Narvas (kontakt\u00f5pe) ja <strong>online<\/strong><\/div>\n<\/div>\n<p>[\/vc_column_text][vc_column_text css=&#8221;.vc_custom_1775392475818{background-color: #D7CBCB !important;}&#8221;]<\/p>\n<div style=\"padding: 20px; border-top: 1px solid #eee; line-height: 1.6;\">\n<p>\u0423\u0447\u0435\u043d\u0438\u043a\u0438 \u043e\u0442\u043c\u0435\u0447\u0430\u044e\u0442, \u0447\u0442\u043e \u0437\u0430\u043d\u044f\u0442\u0438\u044f \u0414\u0430\u0440\u044c\u0438 \u0432\u0441\u0435\u0433\u0434\u0430 \u0434\u0438\u043d\u0430\u043c\u0438\u0447\u043d\u044b\u0435, \u0430\u043a\u0442\u0438\u0432\u043d\u044b\u0435 \u0438 \u0440\u0430\u0437\u043d\u043e\u043e\u0431\u0440\u0430\u0437\u043d\u044b\u0435.<br \/>\n\u041e\u043d\u0430 \u0438\u0441\u043f\u043e\u043b\u044c\u0437\u0443\u0435\u0442 \u0446\u0438\u0444\u0440\u043e\u0432\u044b\u0435 \u0442\u0435\u0445\u043d\u043e\u043b\u043e\u0433\u0438\u0438 \u0438 \u0430\u0443\u0442\u0435\u043d\u0442\u0438\u0447\u043d\u044b\u0435 \u043c\u0430\u0442\u0435\u0440\u0438\u0430\u043b\u044b. \u0421\u0438\u043b\u044c\u043d\u0430\u044f \u0441\u0442\u043e\u0440\u043e\u043d\u0430 \u2014 \u0441\u0438\u0441\u0442\u0435\u043c\u043d\u0430\u044f \u043e\u0442\u0440\u0430\u0431\u043e\u0442\u043a\u0430 \u043b\u0435\u043a\u0441\u0438\u043a\u0438 \u0438 \u0433\u0440\u0430\u043c\u043c\u0430\u0442\u0438\u043a\u0438 \u0438 \u0440\u0430\u0437\u0432\u0438\u0442\u0438\u0435 \u0443\u0441\u0442\u043d\u043e\u0439 \u0440\u0435\u0447\u0438. \u0424\u043e\u043a\u0443\u0441 \u2014 \u0443\u0432\u0435\u0440\u0435\u043d\u043d\u043e\u0435 \u043e\u0431\u0449\u0435\u043d\u0438\u0435 \u0438 \u043f\u043e\u0434\u0433\u043e\u0442\u043e\u0432\u043a\u0430 \u043a \u044d\u043a\u0437\u0430\u043c\u0435\u043d\u0430\u043c.<br \/>\n______________________________________________<br \/>\n\u00d5ppijad toovad esile, et Darja tunnid on alati d\u00fcnaamilised, aktiivsed ja mitmekesised.<br \/>\nTa kasutab digivahendeid ja autentseid materjale, mis muudavad \u00f5ppimise huvitavaks ja praktiliseks. Tema tugevuseks on leksika ja grammatika s\u00fcsteemne kinnistamine ning<br \/>\nsuulise keele aktiivne arendamine \u2013 konstruktsioonide kasutamine suhtluses. Fookuses on enesekindel suhtlemine ja eksamivalmidus.<\/p>\n<\/div>\n<p>[\/vc_column_text][vc_column_text css=&#8221;&#8221;][\/vc_column_text][vc_column_text css=&#8221;&#8221;]<\/p>\n<div style=\"background: #ffffff; padding: 22px 22px 18px 22px;\">\n<div style=\"color: #f05a28; font-size: 22px; font-weight: bold; margin-bottom: 12px;\">NATALJA \u0160UBINA<\/div>\n<div style=\"font-size: 14px; line-height: 1.45; color: #333;\"><b>Haridus:<\/b> Tartu \u00dclikool, magistrikraad<br \/>\n<b>T\u00f6\u00f6kogemus:<\/b> 20+ aastat<br \/>\n<b>Tasemed:<\/b> A1\u2013B2<br \/>\n<b>\u00d5ppevorm:<\/b> Narvas (kontakt\u00f5pe)<\/div>\n<\/div>\n<div style=\"background: #f5f5f5; padding: 18px 22px;\">\n<div style=\"font-size: 14px; line-height: 1.45; color: #333;\">\u00d5ppijad hindavad tema s\u00fcsteemset l\u00e4henemist ja tugevat metoodilist baasi.<br \/>\nTal on pikaajaline kogemus koolis ja g\u00fcmnaasiumiastmes, sealhulgas g\u00fcmnasistide ettevalmistamisel eksamiteks.<br \/>\nTema tugevuseks on selge ja l\u00e4bim\u00f5eldud \u00f5ppet\u00f6\u00f6 \u00fclesehitus ning<br \/>\nindividuaalne l\u00e4henemine, arvestades iga \u00f5ppija ja grupi erip\u00e4ra.<br \/>\nTema kursused onv\u00e4ga n\u00f5utud ning grupid t\u00e4ituvad kiiresti.<\/div>\n<div style=\"height: 3px; background: #f05a28; margin: 18px 0 16px 0; border-radius: 2px;\"><\/div>\n<div style=\"font-size: 14px; line-height: 1.45; color: #333;\">\u0423\u0447\u0435\u043d\u0438\u043a\u0438 \u043e\u0442\u043c\u0435\u0447\u0430\u044e\u0442 \u0435\u0451 \u0441\u0438\u0441\u0442\u0435\u043c\u043d\u044b\u0439 \u043f\u043e\u0434\u0445\u043e\u0434 \u0438 \u0441\u0438\u043b\u044c\u043d\u0443\u044e \u043c\u0435\u0442\u043e\u0434\u0438\u0447\u0435\u0441\u043a\u0443\u044e \u0431\u0430\u0437\u0443.<br \/>\n\u0423 \u043d\u0435\u0451 \u043c\u043d\u043e\u0433\u043e\u043b\u0435\u0442\u043d\u0438\u0439 \u043e\u043f\u044b\u0442 \u0440\u0430\u0431\u043e\u0442\u044b \u0432 \u0448\u043a\u043e\u043b\u0435 \u0438 \u0433\u0438\u043c\u043d\u0430\u0437\u0438\u0438, \u0432\u043a\u043b\u044e\u0447\u0430\u044f \u043f\u043e\u0434\u0433\u043e\u0442\u043e\u0432\u043a\u0443 \u0433\u0438\u043c\u043d\u0430\u0437\u0438\u0441\u0442\u043e\u0432 \u043a \u044d\u043a\u0437\u0430\u043c\u0435\u043d\u0430\u043c.<br \/>\n\u0415\u0451 \u0441\u0438\u043b\u044c\u043d\u0430\u044f \u0441\u0442\u043e\u0440\u043e\u043d\u0430 \u2014 \u0447\u0451\u0442\u043a\u0430\u044f \u0438 \u043f\u0440\u043e\u0434\u0443\u043c\u0430\u043d\u043d\u0430\u044f \u0441\u0442\u0440\u0443\u043a\u0442\u0443\u0440\u0430 \u043e\u0431\u0443\u0447\u0435\u043d\u0438\u044f \u0438<br \/>\n\u0438\u043d\u0434\u0438\u0432\u0438\u0434\u0443\u0430\u043b\u044c\u043d\u044b\u0439 \u043f\u043e\u0434\u0445\u043e\u0434 \u0441 \u0443\u0447\u0451\u0442\u043e\u043c \u043e\u0441\u043e\u0431\u0435\u043d\u043d\u043e\u0441\u0442\u0435\u0439 \u0433\u0440\u0443\u043f\u043f\u044b.<br \/>\n\u041a\u0443\u0440\u0441\u044b \u043f\u043e\u043b\u044c\u0437\u0443\u044e\u0442\u0441\u044f \u0432\u044b\u0441\u043e\u043a\u0438\u043c \u0441\u043f\u0440\u043e\u0441\u043e\u043c, \u0433\u0440\u0443\u043f\u043f\u044b \u0431\u044b\u0441\u0442\u0440\u043e \u043d\u0430\u0431\u0438\u0440\u0430\u044e\u0442\u0441\u044f.<\/div>\n<\/div>\n<p>[\/vc_column_text][vc_column_text css=&#8221;&#8221;]<\/p>\n<div style=\"background: #ffffff; padding: 22px 22px 18px 22px;\">\n<div style=\"color: #f05a28; font-size: 22px; font-weight: bold; margin-bottom: 12px;\">IRINA SUVOROVA<\/div>\n<div style=\"font-size: 14px; line-height: 1.45; color: #333;\"><b>Haridus:<\/b> Tartu \u00dclikool Narva Kolled\u017e, magistrikraad<br \/>\n<b>T\u00f6\u00f6kogemus:<\/b> 15+ aastat<br \/>\n<b>Tasemed:<\/b> A1\u2013B2<br \/>\n<b>\u00d5ppevorm:<\/b> Narvas (kontakt\u00f5pe)<\/div>\n<\/div>\n<div style=\"background: #f5f5f5; padding: 18px 22px;\">\n<div style=\"font-size: 14px; line-height: 1.45; color: #333;\">\n<p>\u00d5ppijad toovad esile tema positiivse ja toetava \u00f5hkkonna ning oskuse selgitada ka keerulisi teemasid lihtsalt ja arusaadavalt.<br \/>\nTa kasutab kommunikatiivseid meetodeid ja m\u00e4ngulisi v\u00f5tteid, mis muudavad \u00f5ppimise kaasavaks ka t\u00e4iskasvanutele.<br \/>\n\u00dcks \u00f5ppija on nimetanud teda \u201epedagoogiks Jumalast\u201c, tuues esile tema v\u00f5ime motiveerida ja inspireerida.<\/p>\n<\/div>\n<div style=\"height: 3px; background: #f05a28; margin: 18px 0 16px 0; border-radius: 2px;\"><\/div>\n<div style=\"font-size: 14px; line-height: 1.45; color: #333;\">\n<p>\u0423\u0447\u0435\u043d\u0438\u043a\u0438 \u043e\u0442\u043c\u0435\u0447\u0430\u044e\u0442\u00a0 \u043f\u043e\u0437\u0438\u0442\u0438\u0432\u043d\u044b\u0439 \u043d\u0430\u0441\u0442\u0440\u043e\u0439 \u0418\u0440\u0438\u043d\u044b\u00a0 \u0438 \u0443\u043c\u0435\u043d\u0438\u0435 \u043e\u0431\u044a\u044f\u0441\u043d\u044f\u0442\u044c \u0434\u0430\u0436\u0435 \u0441\u0430\u043c\u044b\u0435 \u0441\u043b\u043e\u0436\u043d\u044b\u0435 \u0442\u0435\u043c\u044b \u043b\u0435\u0433\u043a\u043e \u0438 \u043f\u043e\u043d\u044f\u0442\u043d\u043e.<br \/>\n\u041e\u043d\u0430 \u0430\u043a\u0442\u0438\u0432\u043d\u043e \u0438\u0441\u043f\u043e\u043b\u044c\u0437\u0443\u0435\u0442 \u043a\u043e\u043c\u043c\u0443\u043d\u0438\u043a\u0430\u0442\u0438\u0432\u043d\u044b\u0435 \u043c\u0435\u0442\u043e\u0434\u0438\u043a\u0438 \u0438 \u0438\u0433\u0440\u043e\u0432\u044b\u0435 \u043f\u0440\u0438\u0451\u043c\u044b,<br \/>\n\u0431\u043b\u0430\u0433\u043e\u0434\u0430\u0440\u044f \u0447\u0435\u043c\u0443 \u043e\u0431\u0443\u0447\u0435\u043d\u0438\u0435 \u043e\u0441\u0442\u0430\u0451\u0442\u0441\u044f \u0436\u0438\u0432\u044b\u043c \u0438 \u0432\u043e\u0432\u043b\u0435\u043a\u0430\u044e\u0449\u0438\u043c \u0434\u0430\u0436\u0435 \u0434\u043b\u044f \u0432\u0437\u0440\u043e\u0441\u043b\u044b\u0445.<br \/>\n\u041e\u0434\u0438\u043d \u0438\u0437 \u0443\u0447\u0435\u043d\u0438\u043a\u043e\u0432 \u0432 \u043e\u0442\u0437\u044b\u0432\u0435 \u043d\u0430\u0437\u0432\u0430\u043b \u0435\u0451 \u00ab\u043f\u0435\u0434\u0430\u0433\u043e\u0433\u043e\u043c \u043e\u0442 \u0411\u043e\u0433\u0430\u00bb \u0437\u0430 \u0443\u043c\u0435\u043d\u0438\u0435<br \/>\n\u043c\u043e\u0442\u0438\u0432\u0438\u0440\u043e\u0432\u0430\u0442\u044c, \u0432\u0434\u043e\u0445\u043d\u043e\u0432\u043b\u044f\u0442\u044c \u0438 \u043f\u043e\u0434\u0434\u0435\u0440\u0436\u0438\u0432\u0430\u0442\u044c.<\/p>\n<\/div>\n<\/div>\n<p>[\/vc_column_text][vc_column_text css=&#8221;&#8221;]<\/p>\n<div style=\"background: #ffffff; padding: 22px 22px 18px 22px;\">\n<div style=\"color: #f05a28; font-size: 22px; font-weight: bold; margin-bottom: 12px;\">IRINA EVART<\/div>\n<div style=\"font-size: 14px; line-height: 1.45; color: #333;\"><b>Haridus:<\/b> Humanitaarainete \u00f5petaja (MA) Tartu \u00dclikool<br \/>\n<b>Tasemed:<\/b> A2\u2013B1<br \/>\n<b>\u00d5ppevorm:<\/b> Narvas ja online<\/div>\n<\/div>\n<div style=\"background: #f5f5f5; padding: 18px 22px;\">\n<div style=\"font-size: 14px; line-height: 1.45; color: #333;\">Eesti keele kui teise keele \u00f5petaja, kes t\u00f6\u00f6tab alg- ja kesktaseme \u00f5ppijatega.<br \/>\nTema tugevuseks on v\u00e4ga selge ja korrektne eesti keele h\u00e4\u00e4ldus,<br \/>\nmis v\u00f5imaldab \u00f5ppijatel kuulata loomulikku eestikeelset k\u00f5net ja sellest h\u00e4sti aru saada.<br \/>\nLoob rahuliku ja toetava \u00f5pikeskkonna, kus \u00f5ppija saab enesekindlalt keelt harjutada.<\/div>\n<div style=\"height: 3px; background: #f05a28; margin: 18px 0 16px 0; border-radius: 2px;\"><\/div>\n<div style=\"font-size: 14px; line-height: 1.45; color: #333;\">\u041f\u0440\u0435\u043f\u043e\u0434\u0430\u0432\u0430\u0442\u0435\u043b\u044c \u044d\u0441\u0442\u043e\u043d\u0441\u043a\u043e\u0433\u043e \u043a\u0430\u043a \u0432\u0442\u043e\u0440\u043e\u0433\u043e \u044f\u0437\u044b\u043a\u0430, \u0440\u0430\u0431\u043e\u0442\u0430\u044e\u0449\u0438\u0439 \u0441 \u0443\u0447\u0430\u0449\u0438\u043c\u0438\u0441\u044f \u043d\u0430\u0447\u0430\u043b\u044c\u043d\u043e\u0433\u043e \u0438 \u0441\u0440\u0435\u0434\u043d\u0435\u0433\u043e \u0443\u0440\u043e\u0432\u043d\u044f.<br \/>\n\u0415\u0451 \u0441\u0438\u043b\u044c\u043d\u0430\u044f \u0441\u0442\u043e\u0440\u043e\u043d\u0430 \u2014 \u043e\u0447\u0435\u043d\u044c \u0447\u0451\u0442\u043a\u043e\u0435 \u0438 \u043f\u043e\u043d\u044f\u0442\u043d\u043e\u0435 \u044d\u0441\u0442\u043e\u043d\u0441\u043a\u043e\u0435 \u043f\u0440\u043e\u0438\u0437\u043d\u043e\u0448\u0435\u043d\u0438\u0435,<br \/>\n\u0431\u043b\u0430\u0433\u043e\u0434\u0430\u0440\u044f \u0447\u0435\u043c\u0443 \u043d\u0430 \u0443\u0440\u043e\u0432\u043d\u044f\u0445 A2\u2013B1 \u043c\u043e\u0436\u043d\u043e \u0441\u043b\u0443\u0448\u0430\u0442\u044c \u0435\u0441\u0442\u0435\u0441\u0442\u0432\u0435\u043d\u043d\u0443\u044e \u0440\u0435\u0447\u044c \u043d\u043e\u0441\u0438\u0442\u0435\u043b\u044f \u0438 \u043f\u0440\u0438 \u044d\u0442\u043e\u043c \u0445\u043e\u0440\u043e\u0448\u043e \u0432\u0441\u0451 \u043f\u043e\u043d\u0438\u043c\u0430\u0442\u044c.<br \/>\n\u041e\u043d\u0430 \u0441\u043e\u0437\u0434\u0430\u0451\u0442 \u0441\u043f\u043e\u043a\u043e\u0439\u043d\u0443\u044e \u0438 \u043f\u043e\u0434\u0434\u0435\u0440\u0436\u0438\u0432\u0430\u044e\u0449\u0443\u044e \u0430\u0442\u043c\u043e\u0441\u0444\u0435\u0440\u0443, \u0432 \u043a\u043e\u0442\u043e\u0440\u043e\u0439 \u0443\u0447\u0435\u043d\u0438\u043a \u043c\u043e\u0436\u0435\u0442 \u0443\u0432\u0435\u0440\u0435\u043d\u043d\u043e \u043f\u0440\u0430\u043a\u0442\u0438\u043a\u043e\u0432\u0430\u0442\u044c \u044f\u0437\u044b\u043a.<\/div>\n<\/div>\n<p>[\/vc_column_text][\/vc_column][\/vc_row][vc_row][vc_column][vc_raw_html]JTNDc3R5bGUlM0UlMEQlMEEudGVhY2hlci1ncmlkJTIwJTdCJTBEJTBBJTIwJTIwZGlzcGxheSUzQSUyMGdyaWQlM0IlMEQlMEElMjAlMjBncmlkLXRlbXBsYXRlLWNvbHVtbnMlM0ElMjByZXBlYXQlMjhhdXRvLWZpdCUyQyUyMG1pbm1heCUyODI4MHB4JTJDJTIwMWZyJTI5JTI5JTNCJTBEJTBBJTIwJTIwZ2FwJTNBJTIwMjBweCUzQiUwRCUwQSU3RCUwRCUwQSUwRCUwQS50ZWFjaGVyLWNhcmQlMjAlN0IlMEQlMEElMjAlMjBiYWNrZ3JvdW5kJTNBJTIwJTIzZmZmZmZmJTNCJTBEJTBBJTIwJTIwYm9yZGVyLXJhZGl1cyUzQSUyMDE0cHglM0IlMEQlMEElMjAlMjBwYWRkaW5nJTNBJTIwMjJweCUzQiUwRCUwQSUyMCUyMGJveC1zaGFkb3clM0ElMjAwJTIwNnB4JTIwMThweCUyMHJnYmElMjgwJTJDMCUyQzAlMkMwLjA2JTI5JTNCJTBEJTBBJTIwJTIwYm9yZGVyLXRvcCUzQSUyMDRweCUyMHNvbGlkJTIwJTIzZjA1YTI4JTNCJTBEJTBBJTIwJTIwZm9udC1mYW1pbHklM0ElMjBBcmlhbCUyQyUyMHNhbnMtc2VyaWYlM0IlMEQlMEElN0QlMEQlMEElMEQlMEEudGVhY2hlci1uYW1lJTIwJTdCJTBEJTBBJTIwJTIwZm9udC1zaXplJTNBJTIwMThweCUzQiUwRCUwQSUyMCUyMGZvbnQtd2VpZ2h0JTNBJTIwNzAwJTNCJTBEJTBBJTIwJTIwY29sb3IlM0ElMjAlMjNmMDVhMjglM0IlMEQlMEElMjAlMjBtYXJnaW4tYm90dG9tJTNBJTIwNnB4JTNCJTBEJTBBJTdEJTBEJTBBJTBEJTBBLnRlYWNoZXItcm9sZSUyMCU3QiUwRCUwQSUyMCUyMGZvbnQtc2l6ZSUzQSUyMDE0cHglM0IlMEQlMEElMjAlMjBjb2xvciUzQSUyMCUyMzQ0NCUzQiUwRCUwQSUyMCUyMG1hcmdpbi1ib3R0b20lM0ElMjAxNHB4JTNCJTBEJTBBJTdEJTBEJTBBJTBEJTBBLnRlYWNoZXItc2VjdGlvbiUyMCU3QiUwRCUwQSUyMCUyMGZvbnQtc2l6ZSUzQSUyMDEzcHglM0IlMEQlMEElMjAlMjBjb2xvciUzQSUyMCUyMzg4OCUzQiUwRCUwQSUyMCUyMG1hcmdpbi10b3AlM0ElMjAxMHB4JTNCJTBEJTBBJTIwJTIwdGV4dC10cmFuc2Zvcm0lM0ElMjB1cHBlcmNhc2UlM0IlMEQlMEElN0QlMEQlMEElMEQlMEEudGVhY2hlci10ZXh0JTIwJTdCJTBEJTBBJTIwJTIwZm9udC1zaXplJTNBJTIwMTRweCUzQiUwRCUwQSUyMCUyMGNvbG9yJTNBJTIwJTIzMzMzJTNCJTBEJTBBJTIwJTIwbGluZS1oZWlnaHQlM0ElMjAxLjUlM0IlMEQlMEElN0QlMEQlMEElM0MlMkZzdHlsZSUzRQ==[\/vc_raw_html][\/vc_column][\/vc_row]<\/p>\n<\/div>","protected":false},"excerpt":{"rendered":"<p>[vc_row][vc_column width=&#8221;3\/4&#8243;][vc_column_text css=&#8221;&#8221;]DARJA BERESTOVA Haridus: Tartu \u00dclikool Narva Kolled\u017e, magistrikraad T\u00f6\u00f6kogemus: 15+ aastat Tasemed: A1\u2013C1 (sh eksamivalmistus) \u00d5ppevorm: Narvas (kontakt\u00f5pe) ja online [\/vc_column_text][vc_column_text css=&#8221;.vc_custom_1775392475818{background-color: #D7CBCB !important;}&#8221;] \u0423\u0447\u0435\u043d\u0438\u043a\u0438 \u043e\u0442\u043c\u0435\u0447\u0430\u044e\u0442, \u0447\u0442\u043e \u0437\u0430\u043d\u044f\u0442\u0438\u044f \u0414\u0430\u0440\u044c\u0438 \u0432\u0441\u0435\u0433\u0434\u0430 \u0434\u0438\u043d\u0430\u043c\u0438\u0447\u043d\u044b\u0435, \u0430\u043a\u0442\u0438\u0432\u043d\u044b\u0435 \u0438 \u0440\u0430\u0437\u043d\u043e\u043e\u0431\u0440\u0430\u0437\u043d\u044b\u0435. \u041e\u043d\u0430 \u0438\u0441\u043f\u043e\u043b\u044c\u0437\u0443\u0435\u0442 \u0446\u0438\u0444\u0440\u043e\u0432\u044b\u0435 \u0442\u0435\u0445\u043d\u043e\u043b\u043e\u0433\u0438\u0438 \u0438 \u0430\u0443\u0442\u0435\u043d\u0442\u0438\u0447\u043d\u044b\u0435 \u043c\u0430\u0442\u0435\u0440\u0438\u0430\u043b\u044b. \u0421\u0438\u043b\u044c\u043d\u0430\u044f \u0441\u0442\u043e\u0440\u043e\u043d\u0430 \u2014 \u0441\u0438\u0441\u0442\u0435\u043c\u043d\u0430\u044f \u043e\u0442\u0440\u0430\u0431\u043e\u0442\u043a\u0430 \u043b\u0435\u043a\u0441\u0438\u043a\u0438 \u0438 \u0433\u0440\u0430\u043c\u043c\u0430\u0442\u0438\u043a\u0438 \u0438 \u0440\u0430\u0437\u0432\u0438\u0442\u0438\u0435 \u0443\u0441\u0442\u043d\u043e\u0439 \u0440\u0435\u0447\u0438. [&hellip;]<\/p>\n","protected":false},"author":1,"featured_media":0,"parent":0,"menu_order":0,"comment_status":"closed","ping_status":"closed","template":"","meta":{"footnotes":""},"class_list":["post-1229","page","type-page","status-publish","hentry"],"_links":{"self":[{"href":"https:\/\/b-lingua.ee\/index.php?rest_route=\/wp\/v2\/pages\/1229","targetHints":{"allow":["GET"]}}],"collection":[{"href":"https:\/\/b-lingua.ee\/index.php?rest_route=\/wp\/v2\/pages"}],"about":[{"href":"https:\/\/b-lingua.ee\/index.php?rest_route=\/wp\/v2\/types\/page"}],"author":[{"embeddable":true,"href":"https:\/\/b-lingua.ee\/index.php?rest_route=\/wp\/v2\/users\/1"}],"replies":[{"embeddable":true,"href":"https:\/\/b-lingua.ee\/index.php?rest_route=%2Fwp%2Fv2%2Fcomments&post=1229"}],"version-history":[{"count":36,"href":"https:\/\/b-lingua.ee\/index.php?rest_route=\/wp\/v2\/pages\/1229\/revisions"}],"predecessor-version":[{"id":2707,"href":"https:\/\/b-lingua.ee\/index.php?rest_route=\/wp\/v2\/pages\/1229\/revisions\/2707"}],"wp:attachment":[{"href":"https:\/\/b-lingua.ee\/index.php?rest_route=%2Fwp%2Fv2%2Fmedia&parent=1229"}],"curies":[{"name":"wp","href":"https:\/\/api.w.org\/{rel}","templated":true}]}}