{"id":1498,"date":"2020-08-26T23:42:21","date_gmt":"2020-08-26T20:42:21","guid":{"rendered":"https:\/\/b-lingua.ee\/?page_id=1498"},"modified":"2025-01-07T16:37:52","modified_gmt":"2025-01-07T13:37:52","slug":"1498-2","status":"publish","type":"page","link":"https:\/\/b-lingua.ee\/?page_id=1498","title":{"rendered":"A2 &#8211; eesti keele \u00f5ppekava"},"content":{"rendered":"<p><strong>A2-TASEME TASEMEEKSAMIKS ETTEVALMISTAMISELE SUUNATUD EESTI KEELE T\u00c4IENDUSKOOLITUSE \u00d5PPEKAVA.<\/strong><\/p>\n<p><strong>T\u00e4ienduskoolitusasutuse nimetus: <\/strong><strong><em>B-Lingua kool<\/em><\/strong><\/p>\n<ol>\n<li><strong>\u00d5ppekava nimetus<\/strong><\/li>\n<\/ol>\n<p>A2-taseme tasemeeksamiks ettevalmistamisle suunatud eesti keele t\u00e4ienduskooltus.<\/p>\n<p><strong>\u00d5ppekavar\u00fchm<\/strong><\/p>\n<p>\u201cKeele\u00f5pe\u201d<\/p>\n<ol start=\"2\">\n<li><strong>\u00d5ppe kogumaht (akadeemilistes tundides)<\/strong><\/li>\n<\/ol>\n<p>Kokku 240 akadeemilist tundi, millest 140 akadeemilist\u00a0\u00a0 tundi on kontakt\u00f5pe ja 100 tundi iseseisvat t\u00f6\u00f6d.<\/p>\n<ol start=\"3\">\n<li><strong>\u00d5ppe alustamise tingimused<\/strong><\/li>\n<\/ol>\n<p>Kursus sobib inimestele, kellel puuduvad v\u00f5i on olemas v\u00e4hesed teadmised eesti keelest ning kes tahavad omandada eesti keelt A2-taseme eksami sooritamiseks. \u00d5pinguid v\u00f5ib alustada nullist. \u00a0\u00d5pingute alustamise tingimuseks on firmasisese suulise \u00a0ja kirjaliku testi sooritamine. Testide\u00a0 materjale v\u00f5etakse keeletestide keskkonnast \u00a0 <a href=\"http:\/\/web.meis.ee\/testest\/ilias.php?ref_id=104&amp;cmd=render&amp;cmdClass=ilrepositorygui&amp;cmdNode=il&amp;baseClass=ilrepositorygui\">http:\/\/web.meis.ee\/testest\/ilias.php?ref_id=104&amp;cmd=render&amp;cmdClass=ilrepositorygui&amp;cmdNode=il&amp;baseClass=ilrepositorygui<\/a><\/p>\n<ol start=\"4\">\n<li><strong>\u00d5piv\u00e4ljundid<\/strong><\/li>\n<\/ol>\n<p>Koolituse l\u00f5puks \u00f5ppija:<\/p>\n<ul>\n<li>Loeb ja saab aru l\u00fchematest tekstidest, leiab tekstist olulise info;<\/li>\n<li>Kirjutab lihtsamaid tekste, isiklikke kirju ja teateid tuttaval teemal;<\/li>\n<li>M\u00f5istab tuttaval teemal kuuldud teateid, tekste;<\/li>\n<li>R\u00e4\u00e4gib, esitab k\u00fcsimusi ja vastab k\u00fcsimustele erinevates situatsioonides (tee v\u00f5i info k\u00fcsimine, arvamuse avaldamine, n\u00f5ustumine);<\/li>\n<\/ul>\n<ol start=\"5\">\n<li><strong>\u00d5ppe sisu<\/strong><\/li>\n<\/ol>\n<p><strong>Endast ja teistest r\u00e4\u00e4kimine<\/strong>: enda tutvustamine ning teiste esitlemine (nt nimi, aadress, telefon, s\u00fcnnikoht ja -aeg, rahvus, vanus jm); enda v\u00e4limuse ja iseloomu kirjeldamine; oma perekonna kirjeldamine;\u00a0 oma haridusliku tausta, elukutse, hobide ja huvide kirjeldamine.<\/p>\n<p><strong>Inimeste suhted \u00fchiskonnas<\/strong>: teated ametiasutustes; kohtumised inimestega (l\u00fchikesed s\u00f5numid ja teated); \u00a0inimeste v\u00e4limus, iseloom; suhted.<\/p>\n<p><strong>Igap\u00e4evaelu, kodu ja kodukoht<\/strong>: kodu asukoht ja kodu\u00fcmbrus; oma kodu sisustus: m\u00f6\u00f6bel ja kodutehnika; majapidamist\u00f6\u00f6d ja majapidamistarbed; remont ja probleemid; \u00a0k\u00fclaliste kutsumine; k\u00f5neetikett k\u00fclas; perekond, l\u00e4hedased ja kodune elu; minu ja minu pere p\u00e4ev.<\/p>\n<p><strong>Vaba aeg ja ajaviide<\/strong>: kultuuri-, \u00a0meelelahutus- ja spordiasutused, harrastused, huvid ja meelelahutus, ametlikud vastuv\u00f5tud ja k\u00fclask\u00e4ik, peretraditsioonid, p\u00fchad ja t\u00e4htp\u00e4evad, meedia, infootsingud ja veebisuhtlus, kultuurihuvid.<\/p>\n<p><strong>Reisimine, transport, vaatamisv\u00e4\u00e4rsused<\/strong>: \u00a0\u00fchistransport, linnatransport, individuaaltransport, kaubavedu ja veoteenus, reisi planeerimine, reisib\u00fcrood; kaugs\u00f5idud (lennuk, laev, rong, buss) ja piletiostmine;\u00a0 tee k\u00fcsimine ja juhatamine; majutusasutused, toa\u00a0 broneerimine; vaatamisv\u00e4\u00e4rsused; postkaardi kirjutamine; reisikirjeldus.<\/p>\n<p><strong>Tervis ja tervishoid<\/strong>: \u00a0kehaosad, enesetunne ja kaebused; haiglas ja polikliinikus, arsti vastuv\u00f5tule registreerimine (kuup\u00e4evad, raviteenuste hinnad\u00a0 ja maksmistingimused); apteegis: ravimite ost, ravimite kohta info k\u00fcsimine.<\/p>\n<p><strong>Haridus ja t\u00f6\u00f6<\/strong>: koolielu, \u00f5pingud; tulevikuplaanid ja elukutse valik; erialad ja ametid; t\u00f6\u00f6pakkumiskuulutused, t\u00f6\u00f6intervjuu, tegevused t\u00f6\u00f6l, t\u00f6\u00f6p\u00e4eva kirjeldamine ja oma t\u00f6\u00f6 tutvustamine; CV.<\/p>\n<p><strong>S\u00f6\u00f6k ja jook: \u00a0<\/strong>kohvikud, restoranid \u00a0ja muud toitlustusasutused; laua reserveerimine, men\u00fc\u00fc m\u00f5istmine ja toidu tellimine; toitumisharjumused; kombed s\u00f6\u00f6gilauas ja k\u00f5neetikett.<\/p>\n<p><strong>Olmeteenused ja kaubandus<\/strong>: postiteenused, pangateenused, poed ja kaubanduskeskused, juuksur jne; k\u00f5neetikett teenindusasutustes; info hankimine asukoha, lahtiolekuaegade, teenuse liikide ja hindade kohta; teenuste ja kaupade hindade v\u00f5rdlemine; juhendite, reklaamide p\u00f5hisisu m\u00f5istmine.<\/p>\n<p><strong>Keskkond, kohad, loodus, ilm<\/strong>: Eesti suuremad linnad, saared, j\u00f5ed, j\u00e4rved; kaardilt info leidmine; kodukoha kirjeldamine; ilmateate m\u00f5istmine ja ilma kirjeldamine; aastaajad; linnud, loomad, taimed.<\/p>\n<p><strong>Kultuur ja keeled, keelte \u00f5ppimine:<\/strong> kultuurs\u00fcndmused: info hankimine\u00a0 ja edastamine toimumise koha, aja, piletihinna ja esinejate kohta; rahvused ja keeled; \u00a0keele\u00f5pe, oma keeleoskuse kirjeldamine.<\/p>\n<p><strong>Keeleteadmised<\/strong><\/p>\n<ul>\n<li>T\u00e4hestik, t\u00e4htede \u00f5ige kirjutamine ja h\u00e4\u00e4ldamine.<\/li>\n<li>H\u00e4\u00e4ldamine. Pikk ja \u00fclipikk h\u00e4\u00e4lik. N\u00f5rk ja tugev t\u00e4ht.<\/li>\n<li>Tegus\u00f5nad: tegus\u00f5na p\u00f6\u00f6ramine olevikus, liht- ja t\u00e4isminevikus; rektsioon; kindel, tingiv ja k\u00e4skiv k\u00f5neviis; ma- ja da-tegevusnimi.<\/li>\n<li>Nimis\u00f5nad: nimis\u00f5na k\u00e4\u00e4namine; nimis\u00f5na ainsuse ja mitmuse moodustamine; \u00fchildumine omadus- ja arvs\u00f5naga.<\/li>\n<li>Arvs\u00f5nad: p\u00f5hi- ja j\u00e4rgarvs\u00f5nad, arvs\u00f5na k\u00e4\u00e4namine.<\/li>\n<li>Ases\u00f5nad: isikuliste ases\u00f5nade k\u00e4\u00e4namine.<\/li>\n<li>Kaass\u00f5nad: ees- ja tagas\u00f5nad.<\/li>\n<li>K\u00fcsis\u00f5nad: k\u00fcsimuste<\/li>\n<\/ul>\n<p><strong>\u00a0<\/strong><strong>\u00d5ppemeetodid<\/strong><\/p>\n<p>Kursusel arendatakse r\u00e4\u00e4kimis-, kuulamis-, lugemis- ja kirjutamisoskust\u00a0 nii\u00a0 traditsioonilisi kui ka aktiiv\u00f5ppemeetodeid kasutades. K\u00f5nelemisoskuse arendamisel p\u00f6\u00f6ratakse t\u00e4helepanu r\u00e4\u00e4kimisoskusele, et valmistada koolitatavad ette nii \u00a0A2-taseme eksamiks kui suhtlemiseks. Kursusel arendatakse k\u00f5nelemis-, kuulamis-, lugemis- ja kirjutamisoskust \u00f5piku tekstidega t\u00f6\u00f6tamisel, tekstide koostamisel, lindistuste m\u00f5istmisel ja edasiandmisel ning vahetul suulisel suhtlemisel.<\/p>\n<p><strong>Iseseisev t\u00f6\u00f6<\/strong><\/p>\n<p><strong>\u00a0<\/strong>A2 kursuse iseseisvad t\u00f6\u00f6d on m\u00f5eldud \u00f5pitu kinnistamiseks ning antakse t\u00f6id, \u00a0mis eeldavad veebip\u00f5histe keele\u00f5ppeprogrammide ning harjutusvara kasutamist A2-tasemel. \u00d5pitu elluviimiseks lahendatakse \u00fclesandeid eestikeelses keskkonnas www.keeleklikk.ee.<\/p>\n<p><strong>\u00a0<\/strong><strong>\u00d5ppekeskkonna kirjeldus<\/strong><\/p>\n<p><strong>\u00a0<\/strong>\u00d5ppet\u00f6\u00f6 l\u00e4biviimiseks on kohaldatud 1\u00f5pperuum, mis asub Narvas aadressil Soldina 1, ning kus on olemas vajalik m\u00f6\u00f6bel ja inventar koolituse l\u00e4biviimiseks. \u00d5pperuum on sisustatud laudade ja toolidega. Ruumis on arvuti ja dataprojektori kasutamise v\u00f5imalus ning tasuta interneti\u00fchendus. Koolitusruumid, \u00f5ppetehnika ja \u00f5ppevahendid vastavad t\u00f6\u00f6tervishoiu ja t\u00f6\u00f6ohutuse seaduses s\u00e4testatud n\u00f5uetele. Koolitusruum ning sisustus sobib koolituse l\u00e4biviimiseks.<\/p>\n<ol start=\"7\">\n<li><strong>\u00d5ppematerjalide loend<\/strong><\/li>\n<\/ol>\n<p><strong>\u00a0<\/strong><u>P\u00f5hi\u00f5ppematerja<\/u>l:<br \/>\nM. Simmul, I. Mangus.<strong> \u201c<\/strong><em>Tere j\u00e4lle!<\/em>\u201d Kirjatark, 2017.<\/p>\n<p><u>Lisa\u00f5ppematerjalid:<\/u><\/p>\n<p>Kitsnik, M. \u201c<em>Kirjuta mulle.<\/em> <em>Eesti keele \u00f5ppematerjal A1, A2<\/em>\u201d. MISA, 2010.<\/p>\n<ol start=\"2006\">\n<li>Kintsnik, L.Kingisepp. \u201c<em>Naljaga pooleks<\/em>\u201d. Iduleht 2006.<\/li>\n<\/ol>\n<p>Keeleklikk. <em>Eesti keele e-kursus algajatele inglise keele baasil (0-A2).<\/em> <a href=\"http:\/\/www.keeleklikk.ee\">www.keeleklikk.ee<\/a><\/p>\n<p>Eesti Keele Sihtasutus 2014 = Eesti keele P\u00f5his\u00f5navara s\u00f5nastik, Eesti Keele Instituut <a href=\"https:\/\/www.eki.ee\/dict\/evs\/\">https:\/\/www.eki.ee\/dict\/evs\/<\/a><\/p>\n<p><a href=\"http:\/\/www.innove.ee\/et\/eesti-keeletasemeeksamid\">http:\/\/www.innove.ee\/et\/eesti-keeletasemeeksamid<\/a><\/p>\n<p><a href=\"http:\/\/web.meis.ee\/testest\/\">http:\/\/web.meis.ee\/testest\/<\/a><\/p>\n<p><a href=\"http:\/\/web.meis.ee\/vaegkuuljad\/\">http:\/\/web.meis.ee\/vaegkuuljad\/<\/a><\/p>\n<p><strong>\u00a0<\/strong><\/p>\n<ol start=\"8\">\n<li><strong>Hindamismeetodid ja hindamiskriteeriumid<\/strong><\/li>\n<\/ol>\n<p>Kursuse l\u00f5pus peab \u00f5ppija sooritama l\u00f5putesti. A2-taseme kirjeldusel p\u00f5hineva eesti keele testiga kontrollitakse \u00f5piv\u00e4ljundite omandamist ning m\u00f5\u00f5detakse A2-tasemel k\u00f5iki osaoskusi. L\u00f5putesti \u00fclesanded, ja hindamiskriteeriumid p\u00f5hinevad <a href=\"http:\/\/www.innove.ee\">www.innove.ee<\/a>\u00a0 kodulehel oleval testil. (<a href=\"https:\/\/www.innove.ee\/wp-content\/uploads\/2017\/09\/A2_eristuskiri_2017-1.pdf\">https:\/\/www.innove.ee\/wp-content\/uploads\/2017\/09\/A2_eristuskiri_2017-1.pdf<\/a>).<\/p>\n<p>Kokku on A2-taseme testi eest v\u00f5imalik saada 80 punkti. Iga osa annab 20 punkti. Test loetakse sooritatuks, kui testitav on kogunud v\u00e4hemalt 60% v\u00f5imalikust punktisummast, kusjuures<\/p>\n<p>\u00fchegi osa tulemus ei tohi olla 0 punkti.<\/p>\n<p>&nbsp;<\/p>\n<ol start=\"9\">\n<li><strong>N\u00f5uded \u00f5pingute l\u00f5petamiseks<\/strong><strong> ja v\u00e4ljastatavad dokumendid<\/strong><\/li>\n<\/ol>\n<p>Tunnistus v\u00e4ljastatakse \u00f5ppijale juhul, kui \u00f5ppija on osalenud v\u00e4hemalt 70% \u00f5ppetundides \u00a0ja sooritanud edukalt l\u00f5putesti ning saavutanud\u00a0 k\u00f5ik \u00f5ppekava l\u00f5petamiseks n\u00f5utud \u00f5piv\u00e4ljundid. Tunnistusel on kirjas l\u00e4bitud kursuse nimetus, kursuse maht ehk akadeemiliste tundide arv, kursuse toimumise aeg, \u00f5piv\u00e4ljundid. \u00a0B-LINGUA kooli registrikood ja tegevusloa number. Tunnistus on allkirjastatud kursuse l\u00e4bi viinud \u00f5petaja ja B-LINGUA kooli juhataja poolt<\/p>\n<p>T\u00f5end v\u00e4ljastatakse \u00f5ppijale juhul, kui ta ei saavutanud k\u00f5iki \u00f5ppekava l\u00f5petamiseks n\u00f5utud \u00f5piv\u00e4ljundeid. T\u00f5end v\u00e4ljastatakse, kui \u00f5pitulemusi ei saavutatud (l\u00f5putesti ei sooritatud), kuid \u00f5ppija v\u00f5ttis osa \u00f5ppet\u00f6\u00f6st. T\u00f5end v\u00e4ljastatakse vastavalt osaletud \u00a0kontakttundide arvule, kuid mitte juhul, kui \u00f5ppija osales v\u00e4hem kui pooltes tundides. T\u00f5endi allkirjastab B-LINGUA kooli juhataja.<\/p>\n<p>&nbsp;<\/p>\n<ol start=\"10\">\n<li><strong>Koolitaja kompetentsust tagava kvalifikatsiooni kirjeldus<\/strong><\/li>\n<\/ol>\n<p>Koolitust viivad l\u00e4bi eesti keele kui v\u00f5\u00f5rkeele \u00f5petajad ja\u00a0varasema t\u00e4iskasvanute koolitamise kogemusega \u00f5petajad.<\/p>\n<p>&nbsp;<\/p>\n","protected":false},"excerpt":{"rendered":"<p>A2-TASEME TASEMEEKSAMIKS ETTEVALMISTAMISELE SUUNATUD EESTI KEELE T\u00c4IENDUSKOOLITUSE \u00d5PPEKAVA. T\u00e4ienduskoolitusasutuse nimetus: B-Lingua kool \u00d5ppekava nimetus A2-taseme tasemeeksamiks ettevalmistamisle suunatud eesti keele t\u00e4ienduskooltus. \u00d5ppekavar\u00fchm \u201cKeele\u00f5pe\u201d \u00d5ppe kogumaht (akadeemilistes tundides) Kokku 240 akadeemilist tundi, millest 140 akadeemilist\u00a0\u00a0 tundi on kontakt\u00f5pe ja 100 tundi iseseisvat t\u00f6\u00f6d. \u00d5ppe alustamise tingimused Kursus sobib inimestele, kellel puuduvad v\u00f5i on olemas v\u00e4hesed teadmised [&hellip;]<\/p>\n","protected":false},"author":1,"featured_media":0,"parent":0,"menu_order":0,"comment_status":"closed","ping_status":"closed","template":"","meta":{"footnotes":""},"class_list":["post-1498","page","type-page","status-publish","hentry"],"_links":{"self":[{"href":"https:\/\/b-lingua.ee\/index.php?rest_route=\/wp\/v2\/pages\/1498","targetHints":{"allow":["GET"]}}],"collection":[{"href":"https:\/\/b-lingua.ee\/index.php?rest_route=\/wp\/v2\/pages"}],"about":[{"href":"https:\/\/b-lingua.ee\/index.php?rest_route=\/wp\/v2\/types\/page"}],"author":[{"embeddable":true,"href":"https:\/\/b-lingua.ee\/index.php?rest_route=\/wp\/v2\/users\/1"}],"replies":[{"embeddable":true,"href":"https:\/\/b-lingua.ee\/index.php?rest_route=%2Fwp%2Fv2%2Fcomments&post=1498"}],"version-history":[{"count":14,"href":"https:\/\/b-lingua.ee\/index.php?rest_route=\/wp\/v2\/pages\/1498\/revisions"}],"predecessor-version":[{"id":2465,"href":"https:\/\/b-lingua.ee\/index.php?rest_route=\/wp\/v2\/pages\/1498\/revisions\/2465"}],"wp:attachment":[{"href":"https:\/\/b-lingua.ee\/index.php?rest_route=%2Fwp%2Fv2%2Fmedia&parent=1498"}],"curies":[{"name":"wp","href":"https:\/\/api.w.org\/{rel}","templated":true}]}}