{"id":1513,"date":"2020-08-27T00:07:32","date_gmt":"2020-08-26T21:07:32","guid":{"rendered":"https:\/\/b-lingua.ee\/?page_id=1513"},"modified":"2024-08-19T14:13:35","modified_gmt":"2024-08-19T11:13:35","slug":"1513-2","status":"publish","type":"page","link":"https:\/\/b-lingua.ee\/?page_id=1513","title":{"rendered":"C1- eesti keele \u00f5ppekava"},"content":{"rendered":"<p><strong>C1-TASEME TASEMEEKSAMIKS ETTEVALMISTAMISELE SUUNATUD EESTI KEELE T\u00c4IENDUSKOOLITUSE \u00d5PPEKAVA<\/strong><\/p>\n<p style=\"text-align: right;\">Tegevusluba\u00a0 nr 1.1-3\/20\/245 kinnitatud 28.09.2020<\/p>\n<p><strong>T\u00e4ienduskoolitusasutuse nimetus:\u00a0 <\/strong><strong>B-LINGUA KOOL<\/strong><\/p>\n<ol>\n<li><strong>\u00d5ppekava nimetus <\/strong><\/li>\n<\/ol>\n<p><strong>\u00a0 <\/strong>C1-taseme tasemeeksamiks ettevalmistamisele suunatud eesti keele t\u00e4ienduskoolitus.<\/p>\n<ol start=\"2\">\n<li><strong>\u00d5ppekavar\u00fchm <\/strong><\/li>\n<\/ol>\n<p>\u201cKeele\u00f5pe\u201d.<\/p>\n<ol start=\"3\">\n<li><strong>\u00d5ppe kogumaht<\/strong><\/li>\n<\/ol>\n<p>450\u00a0 ak.tundi, millest on 250 kontakttundi ja 200 iseseisva t\u00f6\u00f6 tundi.<\/p>\n<p>&nbsp;<\/p>\n<ol start=\"4\">\n<li><strong>\u00d5piv\u00e4ljundid<\/strong><\/li>\n<\/ol>\n<p>Kursuse l\u00f5pus \u00f5ppija<\/p>\n<ul>\n<li>m\u00f5istab keelt piisavalt, et saada aru pikemast jutust abstraktsel ja keerukal teemal, mis ei pruugi olla tuttav, m\u00f5istab idiomaatilisi ja argiv\u00e4ljendeid,\u00a0 tabades \u00e4ra registrivahetuse;<\/li>\n<li>m\u00f5istab \u00fcksikasjalikult pikki ja keerukaid tekste olenemata sellest, kas need kuuluvad tema asjatundmuse valdkonda v\u00f5i mitte;<\/li>\n<li>esitab selgeid, \u00fcksikasjalikke kirjeldusi ja ettekandeid keerukal teemal; m\u00f5istab \u00fcksikasjalikult abstraktset ja keerukat juttu oma asjatundmusest v\u00e4ljapoole j\u00e4\u00e4val spetsiifilisel teemal;<\/li>\n<li>kirjutab selgeid, hea \u00fclesehitusega tekste, r\u00f5hutades seejuures olulist, toetades oma seisukohti selgituste, p\u00f5hjenduste ja asjakohaste n\u00e4idetega ning l\u00f5petades sobiva kokkuv\u00f5ttega.<\/li>\n<li>kasutab grammatiliselt \u00f5iget keel<\/li>\n<\/ul>\n<p>&nbsp;<\/p>\n<p><strong>Sihtgrupp ja \u00f5ppe alustamise tingimused:<\/strong><\/p>\n<p>\u00d5ppijad, kes soovivad omandada eesti keelt C1-tasemel. \u00d5ppijate vastuv\u00f5tt toimub registreerimistaotluse alusel. \u00d5pingute alustamise tingimuseks on B2-taseme keelekursuse l\u00f5petamine viimase kahe aasta jooksul v\u00f5i riikliku B2-taseme eksami sooritamine v\u00f5i <em>B-Lingua kooli<\/em> suulise ja kirjaliku tasemetesti sooritamine.\u00a0 Testide \u00a0materjale v\u00f5etakse keeletestide keskkonnast\u00a0<a href=\"http:\/\/web.meis.ee\/testest\/\">http:\/\/web.meis.ee\/testest\/<\/a><\/p>\n<p>&nbsp;<\/p>\n<ol start=\"5\">\n<li><strong>\u00d5ppe sisu<\/strong>\n<ol>\n<li>Teabekeskkond;<\/li>\n<li>Elukestev\u00f5pe ja karj\u00e4\u00e4ri planeerimine;<\/li>\n<li>Oma tegevusvaldkonna perspektiivid ja p\u00e4evapoliitika;<\/li>\n<li>Tehnoloogia ja innovatsioon;<\/li>\n<li>Kodanikualgatus ja ettev\u00f5tlikkus;<\/li>\n<li>V\u00e4\u00e4rtused ja k\u00f5lblus;<\/li>\n<li>Kultuuriline identiteet;<\/li>\n<li>Kohaliku (linna, valla, asutuse v\u00f5i organisatsiooni) elu, kultuur, t\u00f6\u00f6, ettev\u00f5tmised ja nende erip\u00e4ra; keskkond ja j\u00e4tkusuutlik areng;<\/li>\n<li>Tervis ja ohutus;<\/li>\n<li>\u00d5hu-, mere ja raudteeliiklus;<\/li>\n<li>Avalik teenistus, haldus ja asjaajamine;<\/li>\n<li>Haridus;<\/li>\n<li>\u00d5ppeasutuste majandus- ja \u00f5ppetegevus;<\/li>\n<li>Tarbimissf\u00e4\u00e4r;<\/li>\n<li>Piiri-, kaitsev\u00e4e- ja p\u00e4\u00e4steteenistus;<\/li>\n<li>\u00d5iguskaitse valdkond<\/li>\n<\/ol>\n<\/li>\n<\/ol>\n<p>&nbsp;<\/p>\n<p>C1-taseme temaatika ei ole \u00fcheski keelekasutuse valdkonnas mitte kuidagi piiratud: eesti keelt on sel tasemel v\u00f5imalik kasutada nii avalikus ja t\u00f6\u00f6elus kui \u00f5ppimises ja isiklikus elus ning igas endale olulises olukorras v\u00f5i vormis.<\/p>\n<p>Keelekasutuse olukorrad:<\/p>\n<ol>\n<li>\u00dcldine toimetulek ameti- ja eraisikuna: oma asutuse, all\u00fcksuse v\u00f5i iseenda tegevuskava ja t\u00f6\u00f6plaanide koostamine, asjalike ja pidulike \u00fcrituste korraldamine, esinedes vajadusel loengute v\u00f5i ettekannetega, esitades k\u00fcsimusi ja v\u00f5ttes sobivalt s\u00f5na;<\/li>\n<li>Toimetulek v\u00f5\u00f5rustamise oludes: kutsete koostamine, l\u00e4bir\u00e4\u00e4kimiste, koosolekute, konverentside korraldamine jm;<\/li>\n<li>Avalik teenistus, haldus ja asjaajamine: ametikohaste tekstide koostamine, vahendades vajaduse tekkides asja- ja olukohasel m\u00e4\u00e4ral ja viisil ametkondlikku v\u00f5i juriidilist teavet; asjakohastes olukordades oma p\u00e4devuse ja voli piirides toimimine;<\/li>\n<li>Hariduse valdkond: n\u00f5udlikes, k.a delikaatsetes olukordades kolleegidega, \u00f5pilaste, nende vanemate ja hooldajatega suhtlemine, seminaridel s\u00f5nav\u00f5tmine jm;<\/li>\n<li>Liikluse valdkond: vaidlusk\u00fcsimuste ja tekkinud probleemide lahendamine, enda eest eriolukordades seismine, osates s\u00f5nastada oma j\u00e4releandmiste piire jm;<\/li>\n<li>Tarbimissf\u00e4\u00e4r: teenuste tutvustamine, p\u00f5hjendades selle eeliseid ja hoiatades kaasnevate riskide ja ohtude eest, toodete v\u00f5i teenuste hinda, m\u00fc\u00fcgi-, garantii- ja kasutustingimuste tutvustamine, p\u00f5hjendades neid ja kohaldades neid kliendi soovidele jm;<\/li>\n<li>Ps\u00fchholoogia, tervishoiu ja ravi valdkond: abivajajatega suhtlemine, haiguse v\u00f5i seisundi seletamine, kolleegidele juhtn\u00f6\u00f6ride andmine jm;<\/li>\n<li>Piiri-, kaitsev\u00e4e- ja p\u00e4\u00e4steteenistuse valdkond: asjaolude ja olukordade kirjeldamine, p\u00e4\u00e4steolukordade, piiri\u00fcletamise ja kaubaveo tollidega seotud vaidluste, kaebuste ja probleemide lahendamine jms;<\/li>\n<li>\u00d5iguskaitse valdkond: \u00f5iguste ja kohustuste isikutele selgitamine, \u00f5iguse \u00fcksikaktide v\u00f5i haldusdokumentide koostamine, juriidilise probleemi olemuse seletamine, avalduse, kaebuse, taotluse kirjutamine jm;<\/li>\n<li>Toimetulek t\u00f5lgi ja t\u00f5lkijana: eestikeelse ja muukeelse inimese dialoogi eesti keelde t\u00f5lkimine.<\/li>\n<\/ol>\n<p>&nbsp;<\/p>\n<p><strong>Grammatika: <\/strong>\u00f5pitud k\u00e4\u00e4nete kordamine; j\u00e4rgarvs\u00f5nade k\u00e4\u00e4namine; sisekohak\u00e4\u00e4nded; kaass\u00f5nad (ees; juures; taga); modaaltegus\u00f5nad; t\u00e4is- ja osasihitis; Saav k\u00e4\u00e4ne (kui kauaks?); \u00fchendtegus\u00f5na (edasi\/tagasi +verb); \u00fchildumine (vastama kellele? millele? mida?; k\u00fcsima mida? kellelt?; t\u00e4nama keda? mille eest?); \u00fchendtegus\u00f5na (sisse\/v\u00e4lja + verb; \u00e4ra + verb); arvs\u00f5na osastav; s\u00f5natuletus; nimis\u00f5naliited \u2013line; -nik; omaduss\u00f5naliited \u2013lik; -line; tegus\u00f5nad; \u00fchendtegus\u00f5na (ette; l\u00e4bi + verb); nimis\u00f5naliide \u2013ke; omaduss\u00f5naliide \u2013ne; tegus\u00f5na p\u00f5hivormid; umbisikuline tegumood; koham\u00e4\u00e4rs\u00f5nad; i-\u00fcliv\u00f5rre.<\/p>\n<p><strong>Kirjutamine: <\/strong>arutluse, kaebuste, taotluste, avalduste, graafikute, diagrammide, tabelite, anal\u00fc\u00fcside, ettekande kirjutamine; poolt- ja vastuargumendid; kirjalik artiklite anal\u00fc\u00fcs; loovkirjutamine (nt blogi; essee; artikkel; retsensioon; kokkuv\u00f5te; t\u00f5lge jm), kutsete koostamine.<\/p>\n<p>&nbsp;<\/p>\n<p>&nbsp;<\/p>\n<ol start=\"6\">\n<li>\u00d5ppekeskkonna kirjeldus<\/li>\n<\/ol>\n<p>\u00d5ppet\u00f6\u00f6 l\u00e4biviimiseks on kohaldatud 1\u00f5pperuum, mis asub Narvas aadressil Linda 2, ning kus on olemas vajalik m\u00f6\u00f6bel ja inventar koolituse l\u00e4biviimiseks. \u00d5pperuum on sisustatud laudade ja toolidega. Ruumis on arvuti ja dataprojektori kasutamise v\u00f5imalus ning tasuta interneti\u00fchendus. Koolitusruumid, \u00f5ppetehnika ja \u00f5ppevahendid vastavad t\u00f6\u00f6tervishoiu ja t\u00f6\u00f6ohutuse seaduses\/ s\u00e4testatud n\u00f5uetele. Koolitusruum ning sisustus sobib koolituse l\u00e4biviimiseks.<\/p>\n<ol start=\"7\">\n<li>\u00d5ppematerjalide loend<\/li>\n<\/ol>\n<p><u>P\u00f5hi\u00f5ppematerjalid<\/u><\/p>\n<p>M Kitsnik \u201eM. Kitsnik, \u201ePraktiline eesti keel teise keelena B2, C1\u201d, 2013<\/p>\n<p><u>Lisa\u00f5ppematerjalid<\/u><\/p>\n<ol>\n<li>Aino Siirak, Annelii Juhkama \u201cS\u00fcvenda ja t\u00e4ienda oma eesti keele oskust\u201c. KOOLIBRI 2020<\/li>\n<li>R\u00fc\u00fctli, E. Viilipus \u201eEesti keel vene \u00f5ppekeelega g\u00fcmnaasimile\u201d,2002.<\/li>\n<li>Pool, \u201eEesti keele sihitise ja rektsiooni harjutusi\u201c, 2019. <a href=\"https:\/\/www.rahvaraamat.ee\/s\/vendor\/TARTU+%C3%9CLIKOOLI+KIRJASTUS\/et\">TARTU \u00dcLIKOOLI KIRJASTUS<\/a>.<\/li>\n<li><a href=\"https:\/\/www.keeletee.ee\/coursemap\">https:\/\/www.keeletee.ee\/coursemap<\/a><\/li>\n<li><a href=\"http:\/\/www.keeleveeb.ee\/\">http:\/\/www.keeleveeb.ee<\/a><\/li>\n<li><a href=\"https:\/\/www.sonaveeb.ee\">https:\/\/www.sonaveeb.ee<\/a><\/li>\n<li><a href=\"https:\/\/www.eki.ee\">https:\/\/www.eki.ee<\/a><\/li>\n<li><a href=\"http:\/\/kohanemisprogramm.tlu.ee\">http:\/\/kohanemisprogramm.tlu.ee<\/a><\/li>\n<li><a href=\"https:\/\/www.integratsioon.ee\/raamatukogu\">https:\/\/www.integratsioon.ee\/raamatukogu<\/a><\/li>\n<li><a href=\"https:\/\/www.innove.ee\/eksamid-ja-testid\/eesti-keele-tasemeeksamid\/\">https:\/\/www.innove.ee\/eksamid-ja-testid\/eesti-keele-tasemeeksamid\/<\/a><\/li>\n<li>Eesti Keele Sihtasutus 2014 \u201eEesti keele p\u00f5his\u00f5navara s\u00f5nastik\u201d, Eesti Keele Instituut<\/li>\n<li>Eesti Keele Sihtasutus 2009 \u201eEesti keele seletav s\u00f5naraamat\u201d<\/li>\n<li>Eesti Keele Sihtasutus, Tallinn, 2018 \u201eEesti \u00f5igekeelsuss\u00f5naraamat \u00d5S 2018\u201c<\/li>\n<li>Eesti Keele Instituut 2007. Mati Erelt, Tiiu Erelt, Kristiina Ross. \u201eEesti keele k\u00e4siraamat\u201c<\/li>\n<\/ol>\n<p><strong>\u00a0<\/strong><\/p>\n<ol start=\"8\">\n<li><strong>Hindamismeetodid ja hindamiskriteeriumid <\/strong><\/li>\n<\/ol>\n<p>Kursuse l\u00f5pus peab \u00f5ppija sooritama l\u00f5putesti. C1-taseme kirjeldusel p\u00f5hineva eesti keele testiga kontrollitakse \u00f5piv\u00e4ljundite omandamist ning m\u00f5\u00f5detakse C1-tasemel k\u00f5iki osaoskusi. L\u00f5putesti \u00fclesanded ja hindamiskriteeriumid p\u00f5hinevad <a href=\"http:\/\/www.innove.ee\">www.innove.ee<\/a>\u00a0 kodulehel oleval testil. Test loetakse sooritatuks, kui testitav on kogunud v\u00e4hemalt 60% v\u00f5imalikust punktisummast. \u00a0K\u00f5ik osaoskused on v\u00f5rdse kaaluga, \u00a0kusjuures \u00fchegi osaoskuse tulemus ei tohi olla 0 punkti. Iga osaoskus annab maksimaalselt 25% l\u00f5pptulemusest.<\/p>\n<p><strong>\u00a0<\/strong><\/p>\n<ol start=\"9\">\n<li><strong>N\u00f5uded \u00f5pingute l\u00f5petamiseks<\/strong><strong> ja v\u00e4ljastatavad dokumendid<\/strong><\/li>\n<\/ol>\n<p>Tunnistus v\u00e4ljastatakse \u00f5ppijale juhul, kui \u00f5ppija on osalenud v\u00e4hemalt 80% \u00f5ppetundidest ja on saavutanud\u00a0 k\u00f5ik \u00f5ppekava l\u00f5petamiseks n\u00f5utud \u00f5piv\u00e4ljundid. Tunnistusel on kirjas B-LINGUA kooli registrikood ja tegevusloa number, l\u00e4bitud kursuse nimetus, kursuse maht ehk akadeemiliste tundide arv, \u00f5piv\u00e4ljundid ning kursuse toimumise aeg. Tunnistus on allkirjastatud kursuse l\u00e4bi viinud \u00f5petaja ja kooli juhataja poolt.<\/p>\n<p>T\u00f5end v\u00e4ljastatakse \u00f5ppijale juhul, kui ta ei saavutanud k\u00f5iki \u00f5ppekava l\u00f5petamiseks n\u00f5utud \u00f5piv\u00e4ljundeid.T\u00f5end \u00a0v\u00e4ljastatakse, \u00a0kui \u00f5pitulemusi ei saavutatud ( l\u00f5putesti ei sooritatud), kuid \u00f5ppija v\u00f5ttis osa \u00f5ppet\u00f6\u00f6st. T\u00f5end v\u00e4ljastatakse vastavalt osaletud\u00a0 kontakttundide arvule, kuid mitte juhul, kui \u00f5ppija osales v\u00e4hem kui pooltes tundides. T\u00f5endi allkirjastab kooli \u00a0juhataja.<\/p>\n<ol start=\"10\">\n<li><strong>Koolitaja kompetentsust tagava kvalifikatsiooni kirjeldus<\/strong><\/li>\n<\/ol>\n<p>Koolitust viivad l\u00e4bi eesti keele kui v\u00f5\u00f5rkeele \u00f5petajad ja\u00a0varasema t\u00e4iskasvanute koolitamise kogemusega \u00f5petajad.<\/p>\n<p>&nbsp;<\/p>\n<p style=\"text-align: right;\"><em>Koolituse maksumus:\u00a0<strong>2500 eur<\/strong>\u00a0( Hind on k\u00e4ibemaksuga ja sisaldab ka \u00f5ppematerjalide maksumust)<\/em><\/p>\n<p style=\"text-align: right;\"><em>Individuaal\u00f5ppe puhul 1 ak.tunni hind <strong>on 31.25 eur. <\/strong><\/em><\/p>\n<p>\u00d5ppekava kinnitamise aeg: 28.09.2020<\/p>\n<p>&nbsp;<\/p>\n","protected":false},"excerpt":{"rendered":"<p>C1-TASEME TASEMEEKSAMIKS ETTEVALMISTAMISELE SUUNATUD EESTI KEELE T\u00c4IENDUSKOOLITUSE \u00d5PPEKAVA Tegevusluba\u00a0 nr 1.1-3\/20\/245 kinnitatud 28.09.2020 T\u00e4ienduskoolitusasutuse nimetus:\u00a0 B-LINGUA KOOL \u00d5ppekava nimetus \u00a0 C1-taseme tasemeeksamiks ettevalmistamisele suunatud eesti keele t\u00e4ienduskoolitus. \u00d5ppekavar\u00fchm \u201cKeele\u00f5pe\u201d. \u00d5ppe kogumaht 450\u00a0 ak.tundi, millest on 250 kontakttundi ja 200 iseseisva t\u00f6\u00f6 tundi. &nbsp; \u00d5piv\u00e4ljundid Kursuse l\u00f5pus \u00f5ppija m\u00f5istab keelt piisavalt, et saada aru pikemast jutust [&hellip;]<\/p>\n","protected":false},"author":1,"featured_media":0,"parent":0,"menu_order":0,"comment_status":"closed","ping_status":"closed","template":"","meta":{"footnotes":""},"class_list":["post-1513","page","type-page","status-publish","hentry"],"_links":{"self":[{"href":"https:\/\/b-lingua.ee\/index.php?rest_route=\/wp\/v2\/pages\/1513","targetHints":{"allow":["GET"]}}],"collection":[{"href":"https:\/\/b-lingua.ee\/index.php?rest_route=\/wp\/v2\/pages"}],"about":[{"href":"https:\/\/b-lingua.ee\/index.php?rest_route=\/wp\/v2\/types\/page"}],"author":[{"embeddable":true,"href":"https:\/\/b-lingua.ee\/index.php?rest_route=\/wp\/v2\/users\/1"}],"replies":[{"embeddable":true,"href":"https:\/\/b-lingua.ee\/index.php?rest_route=%2Fwp%2Fv2%2Fcomments&post=1513"}],"version-history":[{"count":10,"href":"https:\/\/b-lingua.ee\/index.php?rest_route=\/wp\/v2\/pages\/1513\/revisions"}],"predecessor-version":[{"id":2372,"href":"https:\/\/b-lingua.ee\/index.php?rest_route=\/wp\/v2\/pages\/1513\/revisions\/2372"}],"wp:attachment":[{"href":"https:\/\/b-lingua.ee\/index.php?rest_route=%2Fwp%2Fv2%2Fmedia&parent=1513"}],"curies":[{"name":"wp","href":"https:\/\/api.w.org\/{rel}","templated":true}]}}