{"id":1640,"date":"2021-01-23T09:53:44","date_gmt":"2021-01-23T06:53:44","guid":{"rendered":"https:\/\/b-lingua.ee\/?page_id=1640"},"modified":"2026-04-19T17:50:08","modified_gmt":"2026-04-19T14:50:08","slug":"avaleht","status":"publish","type":"page","link":"https:\/\/b-lingua.ee\/","title":{"rendered":"TUNNIPLAAN S\u00dcGIS 2026"},"content":{"rendered":"<div class=\"wpb-content-wrapper\"><p>[vc_row][vc_column][vc_raw_html css=&#8221;&#8221;]JTBBJTNDZGl2JTIwc3R5bGUlM0QlMjJkaXNwbGF5JTNBZ3JpZCUzQiUyMGdyaWQtdGVtcGxhdGUtY29sdW1ucyUzQXJlcGVhdCUyODQlMkMlMjAxZnIlMjklM0IlMjBnYXAlM0EyMHB4JTNCJTIwbWFyZ2luJTNBMjBweCUyMDAlMjA0MHB4JTIwMCUzQiUyMGZvbnQtZmFtaWx5JTNBQXJpYWwlMkNzYW5zLXNlcmlmJTNCJTIyJTNFJTBBJTBBJTIwJTIwJTNDYSUyMGhyZWYlM0QlMjIlMjNhMi1rdXJzdXMlMjIlMjBzdHlsZSUzRCUyMnRleHQtZGVjb3JhdGlvbiUzQW5vbmUlM0IlMjIlM0UlMEElMjAlMjAlMjAlMjAlM0NkaXYlMjBzdHlsZSUzRCUyMmJhY2tncm91bmQlM0ElMjNlNWU3ZWIlM0IlMjBib3JkZXItcmFkaXVzJTNBMjRweCUzQiUyMG1pbi1oZWlnaHQlM0ExNjBweCUzQiUyMGRpc3BsYXklM0FmbGV4JTNCJTIwYWxpZ24taXRlbXMlM0FjZW50ZXIlM0IlMjBqdXN0aWZ5LWNvbnRlbnQlM0FjZW50ZXIlM0IlMjBib3gtc2hhZG93JTNBMCUyMDZweCUyMDIwcHglMjByZ2JhJTI4MCUyQzAlMkMwJTJDMC4wOCUyOSUzQiUyMHRyYW5zaXRpb24lM0FhbGwlMjAwLjJzJTIwZWFzZSUzQiUyMiUzRSUwQSUyMCUyMCUyMCUyMCUyMCUyMCUzQ3NwYW4lMjBzdHlsZSUzRCUyMmZvbnQtc2l6ZSUzQTU2cHglM0IlMjBmb250LXdlaWdodCUzQTkwMCUzQiUyMGNvbG9yJTNBJTIzZWM0ODk5JTNCJTIyJTNFQTIlM0MlMkZzcGFuJTNFJTBBJTIwJTIwJTIwJTIwJTNDJTJGZGl2JTNFJTBBJTIwJTIwJTNDJTJGYSUzRSUwQSUwQSUyMCUyMCUzQ2ElMjBocmVmJTNEJTIyJTIzYjEta3Vyc3VzJTIyJTIwc3R5bGUlM0QlMjJ0ZXh0LWRlY29yYXRpb24lM0Fub25lJTNCJTIyJTNFJTBBJTIwJTIwJTIwJTIwJTNDZGl2JTIwc3R5bGUlM0QlMjJiYWNrZ3JvdW5kJTNBJTIzZjI4YzI4JTNCJTIwYm9yZGVyLXJhZGl1cyUzQTI0cHglM0IlMjBtaW4taGVpZ2h0JTNBMTYwcHglM0IlMjBkaXNwbGF5JTNBZmxleCUzQiUyMGFsaWduLWl0ZW1zJTNBY2VudGVyJTNCJTIwanVzdGlmeS1jb250ZW50JTNBY2VudGVyJTNCJTIwYm94LXNoYWRvdyUzQTAlMjA2cHglMjAyMHB4JTIwcmdiYSUyODAlMkMwJTJDMCUyQzAuMDglMjklM0IlMjB0cmFuc2l0aW9uJTNBYWxsJTIwMC4ycyUyMGVhc2UlM0IlMjIlM0UlMEElMjAlMjAlMjAlMjAlMjAlMjAlM0NzcGFuJTIwc3R5bGUlM0QlMjJmb250LXNpemUlM0E1NnB4JTNCJTIwZm9udC13ZWlnaHQlM0E5MDAlM0IlMjBjb2xvciUzQSUyM2ZmZmZmZiUzQiUyMiUzRUIxJTNDJTJGc3BhbiUzRSUwQSUyMCUyMCUyMCUyMCUzQyUyRmRpdiUzRSUwQSUyMCUyMCUzQyUyRmElM0UlMEElMEElMjAlMjAlM0NhJTIwaHJlZiUzRCUyMiUyM2IyLWt1cnN1cyUyMiUyMHN0eWxlJTNEJTIydGV4dC1kZWNvcmF0aW9uJTNBbm9uZSUzQiUyMiUzRSUwQSUyMCUyMCUyMCUyMCUzQ2RpdiUyMHN0eWxlJTNEJTIyYmFja2dyb3VuZCUzQSUyM2U1ZTdlYiUzQiUyMGJvcmRlci1yYWRpdXMlM0EyNHB4JTNCJTIwbWluLWhlaWdodCUzQTE2MHB4JTNCJTIwZGlzcGxheSUzQWZsZXglM0IlMjBhbGlnbi1pdGVtcyUzQWNlbnRlciUzQiUyMGp1c3RpZnktY29udGVudCUzQWNlbnRlciUzQiUyMGJveC1zaGFkb3clM0EwJTIwNnB4JTIwMjBweCUyMHJnYmElMjgwJTJDMCUyQzAlMkMwLjA4JTI5JTNCJTIwdHJhbnNpdGlvbiUzQWFsbCUyMDAuMnMlMjBlYXNlJTNCJTIyJTNFJTBBJTIwJTIwJTIwJTIwJTIwJTIwJTNDc3BhbiUyMHN0eWxlJTNEJTIyZm9udC1zaXplJTNBNTZweCUzQiUyMGZvbnQtd2VpZ2h0JTNBOTAwJTNCJTIwY29sb3IlM0ElMjNlYzQ4OTklM0IlMjIlM0VCMiUzQyUyRnNwYW4lM0UlMEElMjAlMjAlMjAlMjAlM0MlMkZkaXYlM0UlMEElMjAlMjAlM0MlMkZhJTNFJTBBJTBBJTIwJTIwJTNDYSUyMGhyZWYlM0QlMjIlMjNjMS1rdXJzdXMlMjIlMjBzdHlsZSUzRCUyMnRleHQtZGVjb3JhdGlvbiUzQW5vbmUlM0IlMjIlM0UlMEElMjAlMjAlMjAlMjAlM0NkaXYlMjBzdHlsZSUzRCUyMmJhY2tncm91bmQlM0ElMjNmMjhjMjglM0IlMjBib3JkZXItcmFkaXVzJTNBMjRweCUzQiUyMG1pbi1oZWlnaHQlM0ExNjBweCUzQiUyMGRpc3BsYXklM0FmbGV4JTNCJTIwYWxpZ24taXRlbXMlM0FjZW50ZXIlM0IlMjBqdXN0aWZ5LWNvbnRlbnQlM0FjZW50ZXIlM0IlMjBib3gtc2hhZG93JTNBMCUyMDZweCUyMDIwcHglMjByZ2JhJTI4MCUyQzAlMkMwJTJDMC4wOCUyOSUzQiUyMHRyYW5zaXRpb24lM0FhbGwlMjAwLjJzJTIwZWFzZSUzQiUyMiUzRSUwQSUyMCUyMCUyMCUyMCUyMCUyMCUzQ3NwYW4lMjBzdHlsZSUzRCUyMmZvbnQtc2l6ZSUzQTU2cHglM0IlMjBmb250LXdlaWdodCUzQTkwMCUzQiUyMGNvbG9yJTNBJTIzZmZmZmZmJTNCJTIyJTNFQzElM0MlMkZzcGFuJTNFJTBBJTIwJTIwJTIwJTIwJTNDJTJGZGl2JTNFJTBBJTIwJTIwJTNDJTJGYSUzRSUwQSUwQSUzQyUyRmRpdiUzRQ==[\/vc_raw_html][\/vc_column][\/vc_row][vc_row][vc_column width=&#8221;1\/2&#8243;][vc_column_text css=&#8221;&#8221;]<\/p>\n<div style=\"background: #f3f4f6; border-radius: 20px; padding: 28px 30px; margin-left: 10px; box-shadow: 0 6px 20px rgba(0,0,0,0.08);\">\n<h5 style=\"margin: 0 0 14px 0; font-size: 28px; font-weight: bold; color: #374151;\">A2 taseme eksamiks ettevalmistav kursus<\/h5>\n<p><!-- EST --><\/p>\n<p style=\"margin: 0 0 12px 0; line-height: 1.7; color: #4b5563;\">Kursuse kogumaht on 240 akadeemilist tundi, millest 140 akadeemilist tundi on kontakt\u00f5pe.<br \/>\nKursus valmistab \u00f5ppijat ette A2-taseme eksamiks ning arendab k\u00f5iki osaoskusi.<br \/>\n<b>P\u00e4rast kursuse l\u00e4bimist on \u00f5ppija valmis A2 eksamit sooritama.<\/b><br \/>\nKursused toimuvad <b>online<\/b> v\u00f5i \u00f5ppeklassis <b>Narvas (Soldina 1)<\/b>.<\/p>\n<p><!-- divider --><\/p>\n<div style=\"height: 1px; background: #d1d5db; margin: 14px 0;\"><\/div>\n<p><!-- RUS --><\/p>\n<p style=\"margin: 0 0 14px 0; line-height: 1.7; color: #6b7280;\">\u041e\u0431\u0449\u0438\u0439 \u043e\u0431\u044a\u0451\u043c \u043a\u0443\u0440\u0441\u0430 \u2014 240 \u0447\u0430\u0441\u043e\u0432, \u0438\u0437 \u043d\u0438\u0445 140 \u043a\u043e\u043d\u0442\u0430\u043a\u0442\u043d\u044b\u0445.<br \/>\n\u041a\u0443\u0440\u0441 \u0433\u043e\u0442\u043e\u0432\u0438\u0442 \u043a \u044d\u043a\u0437\u0430\u043c\u0435\u043d\u0443 \u0443\u0440\u043e\u0432\u043d\u044f A2.<\/p>\n<p style=\"margin: 0 0 14px 0; line-height: 1.7; color: #6b7280;\">\u0421\u0442\u043e\u0438\u043c\u043e\u0441\u0442\u044c \u043e\u0431\u0443\u0447\u0435\u043d\u0438\u044f &#8211; 1760 EUR<br \/>\n<b>\u041f\u043e\u0441\u043b\u0435 \u043e\u043a\u043e\u043d\u0447\u0430\u043d\u0438\u044f \u0441\u0442\u0443\u0434\u0435\u043d\u0442 \u043c\u043e\u0436\u0435\u0442 \u0443\u0441\u043f\u0435\u0448\u043d\u043e \u0441\u0434\u0430\u0442\u044c \u044d\u043a\u0437\u0430\u043c\u0435\u043d A2.<\/b><br \/>\n\u041e\u0431\u0443\u0447\u0435\u043d\u0438\u0435 \u043f\u0440\u043e\u0445\u043e\u0434\u0438\u0442 <b>\u043e\u043d\u043b\u0430\u0439\u043d<\/b> \u0438\u043b\u0438 \u0432 \u043a\u043b\u0430\u0441\u0441\u0435 \u0432 <b>\u041d\u0430\u0440\u0432\u0435 (Soldina 1)<\/b>.<\/p>\n<p style=\"margin: 0 0 12px 0;\"><a style=\"color: #ec4899; font-weight: bold;\" href=\"https:\/\/b-lingua.ee\/?page_id=1498\" target=\"_blank\" rel=\"noopener\"><br \/>\n\u00d5ppekava \/ \u0423\u0447\u0435\u0431\u043d\u0430\u044f \u043f\u0440\u043e\u0433\u0440\u0430\u043c\u043c\u0430<br \/>\n<\/a><\/p>\n<p><select style=\"width: 100%; padding: 12px; border-radius: 10px; border: 1px solid #d1d5db; margin-bottom: 16px;\"><option disabled=\"disabled\" selected=\"selected\">Vali periood<\/option><option>11.05.2026 \u2013 20.11.2026<\/option><option>24.08.2026 \u2013 22.02.2027<\/option><option>14.09.2026 \u2013 15.03.2027<\/option><option>05.10.2026 \u2013 05.04.2027<\/option><\/select><\/p>\n<p><a style=\"display: inline-block; background: #ec4899; color: #fff; padding: 12px 24px; border-radius: 30px; text-decoration: none; font-weight: 600;\" href=\"https:\/\/forms.gle\/8Wwgwkj9Ta5fXsnCA\" target=\"_blank\" rel=\"noopener\"><br \/>\nRegistreeru<br \/>\n<\/a><\/p>\n<\/div>\n<p>[\/vc_column_text][vc_column_text css=&#8221;&#8221;]<\/p>\n<div id=\"c1-kursus\" style=\"position: relative; background: #f28c28; border-radius: 10px; padding: 10px; font-family: Arial,sans-serif;\">\n<div style=\"position: relative; background: #f28c28; border-radius: 40px; padding: 20px; font-family: Arial,sans-serif;\">\n<div style=\"position: absolute; left: 24px; top: 20px; font-size: 95px; font-weight: 900; color: rgba(255,255,255,0.3);\"><\/div>\n<p><!-- INNER BLOCK --><\/p>\n<div style=\"background: #f3f4f6; border-radius: 20px; padding: 28px 30px; margin-left: 20px; box-shadow: 0 6px 20px rgba(0,0,0,0.1);\">\n<h2 style=\"margin: 0 0 14px 0; font-size: 28px; font-weight: bold; color: #1f2937;\">C1 taseme eksamiks ettevalmistav kursus<\/h2>\n<p><!-- EST --><\/p>\n<p style=\"margin: 0 0 12px 0; line-height: 1.7; color: #374151;\">Kursuse kogumaht on 450 akadeemilist tundi, millest 250 akadeemilist tundi on kontakt\u00f5pe.<br \/>\nKursus valmistab \u00f5ppijat ette C1-taseme eksamiks ning arendab k\u00f5rgtasemel keelekasutust,<br \/>\nargumenteerimisoskust, keerukate tekstide m\u00f5istmist ja ladusat enesev\u00e4ljendust.<br \/>\n<b>P\u00e4rast kursuse l\u00e4bimist on \u00f5ppija valmis C1 eksamit sooritama.<\/b><br \/>\nKursused toimuvad <b>online<\/b> v\u00f5i \u00f5ppeklassis <b>Narvas<\/b>.<\/p>\n<p><!-- divider --><\/p>\n<div style=\"height: 1px; background: #d1d5db; margin: 14px 0;\"><\/div>\n<p><!-- RUS --><\/p>\n<p style=\"margin: 0 0 14px 0; line-height: 1.7; color: #6b7280;\">\u041e\u0431\u0449\u0438\u0439 \u043e\u0431\u044a\u0451\u043c \u043a\u0443\u0440\u0441\u0430 \u2014 450 \u0447\u0430\u0441\u043e\u0432, \u0438\u0437 \u043d\u0438\u0445 250 \u043a\u043e\u043d\u0442\u0430\u043a\u0442\u043d\u044b\u0445.<\/p>\n<p style=\"margin: 0 0 14px 0; line-height: 1.7; color: #6b7280;\">\u0421\u0442\u043e\u0438\u043c\u043e\u0441\u0442\u044c \u043e\u0431\u0443\u0447\u0435\u043d\u0438\u044f &#8211; 2500 eur<br \/>\n\u041a\u0443\u0440\u0441 \u0433\u043e\u0442\u043e\u0432\u0438\u0442 \u043a \u044d\u043a\u0437\u0430\u043c\u0435\u043d\u0443 \u0443\u0440\u043e\u0432\u043d\u044f C1 \u0438 \u0440\u0430\u0437\u0432\u0438\u0432\u0430\u0435\u0442 \u0432\u044b\u0441\u043e\u043a\u0438\u0439 \u0443\u0440\u043e\u0432\u0435\u043d\u044c \u0432\u043b\u0430\u0434\u0435\u043d\u0438\u044f \u044f\u0437\u044b\u043a\u043e\u043c:<br \/>\n\u0430\u0440\u0433\u0443\u043c\u0435\u043d\u0442\u0430\u0446\u0438\u044e, \u043f\u043e\u043d\u0438\u043c\u0430\u043d\u0438\u0435 \u0441\u043b\u043e\u0436\u043d\u044b\u0445 \u0442\u0435\u043a\u0441\u0442\u043e\u0432 \u0438 \u0443\u0432\u0435\u0440\u0435\u043d\u043d\u0443\u044e \u0440\u0435\u0447\u044c.<br \/>\n<b>\u041f\u043e\u0441\u043b\u0435 \u043e\u043a\u043e\u043d\u0447\u0430\u043d\u0438\u044f \u0441\u0442\u0443\u0434\u0435\u043d\u0442 \u043c\u043e\u0436\u0435\u0442 \u0443\u0441\u043f\u0435\u0448\u043d\u043e \u0441\u0434\u0430\u0442\u044c \u044d\u043a\u0437\u0430\u043c\u0435\u043d C1.<\/b><br \/>\n\u041e\u0431\u0443\u0447\u0435\u043d\u0438\u0435 \u043f\u0440\u043e\u0445\u043e\u0434\u0438\u0442 <b>\u043e\u043d\u043b\u0430\u0439\u043d<\/b> \u0438\u043b\u0438 \u0432 \u043a\u043b\u0430\u0441\u0441\u0435 \u0432 <b>\u041d\u0430\u0440\u0432\u0435<\/b>.<a style=\"color: #f28c28; font-weight: bold;\" href=\"https:\/\/b-lingua.ee\/?page_id=1513\" target=\"_blank\" rel=\"noopener\"><br \/>\n\u00d5ppekava \/ \u0423\u0447\u0435\u0431\u043d\u0430\u044f \u043f\u0440\u043e\u0433\u0440\u0430\u043c\u043c\u0430<\/a><\/p>\n<p><select style=\"width: 100%; padding: 12px; border-radius: 10px; border: 1px solid #d1d5db; margin-bottom: 16px;\"><option disabled=\"disabled\" selected=\"selected\">Vali periood<\/option><option>11.05.2026 \u2013 19.02.2027<\/option><option>08.06.2026 \u2013 19.03.2027<\/option><option>24.08.2026 \u2013 19.07.2027<\/option><option>14.09.2026 \u2013 09.08.2027<\/option><option>05.10.2026 \u2013 30.08.2027<\/option><\/select><\/p>\n<p><a style=\"display: inline-block; background: #f28c28; color: #fff; padding: 12px 24px; border-radius: 30px; text-decoration: none; font-weight: 600;\" href=\"https:\/\/forms.gle\/8Wwgwkj9Ta5fXsnCA\" target=\"_blank\" rel=\"noopener\"><br \/>\nRegistreeru<br \/>\n<\/a><\/p>\n<\/div>\n<\/div>\n<\/div>\n<p>[\/vc_column_text][\/vc_column][vc_column width=&#8221;1\/2&#8243;][vc_column_text css=&#8221;&#8221;]<\/p>\n<div id=\"b1-kursus\" style=\"position: relative; background: #f28c28; border-radius: 32px; padding: 20px; font-family: Arial,sans-serif;\">\n<div style=\"background: #ffffff; border-radius: 20px; padding: 28px 30px; margin-left: 10px; box-shadow: 0 6px 20px rgba(0,0,0,0.08);\">\n<h5 style=\"margin: 0 0 14px 0; font-size: 28px; font-weight: bold; color: #1f2937;\">B1 taseme eksamiks ettevalmistav kursus<\/h5>\n<p><!-- EST --><\/p>\n<p style=\"margin: 0 0 12px 0; line-height: 1.7; color: #374151;\">Kursuse kogumaht on 240 akadeemilist tundi, millest 180 akadeemilist tundi on kontakt\u00f5pe.<br \/>\nKursus valmistab \u00f5ppijat ette B1-taseme eksamiks ning arendab k\u00f5iki osaoskusi.<br \/>\n<b>P\u00e4rast kursuse l\u00e4bimist on \u00f5ppija valmis B1 eksamit sooritama.<\/b><br \/>\nKursused toimuvad <b>online<\/b> v\u00f5i \u00f5ppeklassis <b>Narvas (Soldina 1)<\/b>.<\/p>\n<p><!-- divider --><\/p>\n<div style=\"height: 1px; background: #e5e7eb; margin: 14px 0;\"><\/div>\n<p><!-- RUS --><\/p>\n<p style=\"margin: 0 0 14px 0; line-height: 1.7; color: #6b7280;\">\u041e\u0431\u0449\u0438\u0439 \u043e\u0431\u044a\u0451\u043c \u043a\u0443\u0440\u0441\u0430 \u2014 240 \u0447\u0430\u0441\u043e\u0432, \u0438\u0437 \u043d\u0438\u0445 180 \u043a\u043e\u043d\u0442\u0430\u043a\u0442\u043d\u044b\u0445.<br \/>\n\u041a\u0443\u0440\u0441 \u0433\u043e\u0442\u043e\u0432\u0438\u0442 \u043a \u044d\u043a\u0437\u0430\u043c\u0435\u043d\u0443 \u0443\u0440\u043e\u0432\u043d\u044f B1.<\/p>\n<p style=\"margin: 0 0 14px 0; line-height: 1.7; color: #6b7280;\">\u0421\u0442\u043e\u0438\u043c\u043e\u0441\u0442\u044c \u043e\u0431\u0443\u0447\u0435\u043d\u0438\u044f &#8211; 2000 EUR<br \/>\n<b>\u041f\u043e\u0441\u043b\u0435 \u043e\u043a\u043e\u043d\u0447\u0430\u043d\u0438\u044f \u0441\u0442\u0443\u0434\u0435\u043d\u0442 \u043c\u043e\u0436\u0435\u0442 \u0443\u0441\u043f\u0435\u0448\u043d\u043e \u0441\u0434\u0430\u0442\u044c \u044d\u043a\u0437\u0430\u043c\u0435\u043d B1.<\/b><br \/>\n\u041e\u0431\u0443\u0447\u0435\u043d\u0438\u0435 \u043f\u0440\u043e\u0445\u043e\u0434\u0438\u0442 <b>\u043e\u043d\u043b\u0430\u0439\u043d<\/b> \u0438\u043b\u0438 \u0432 \u043a\u043b\u0430\u0441\u0441\u0435 \u0432 <b>\u041d\u0430\u0440\u0432\u0435 (Soldina 1)<\/b>.<\/p>\n<p style=\"margin: 0 0 12px 0;\"><a style=\"color: #f28c28; font-weight: bold;\" href=\"https:\/\/b-lingua.ee\/?page_id=1492\" target=\"_blank\" rel=\"noopener\"><br \/>\n\u00d5ppekava \/ \u0423\u0447\u0435\u0431\u043d\u0430\u044f \u043f\u0440\u043e\u0433\u0440\u0430\u043c\u043c\u0430<br \/>\n<\/a><\/p>\n<p><select style=\"width: 100%; padding: 12px; border-radius: 10px; border: 1px solid #d1d5db; margin-bottom: 16px;\"><option disabled=\"disabled\" selected=\"selected\">Vali periood<\/option><option>11.05.2026 \u2013 18.12.2026<\/option><option>24.08.2026 \u2013 26.04.2027<\/option><option>14.09.2026 \u2013 17.05.2027<\/option><option>05.10.2026 \u2013 07.06.2027<\/option><\/select><\/p>\n<p><a style=\"display: inline-block; background: #f28c28; color: #fff; padding: 12px 24px; border-radius: 30px; text-decoration: none; font-weight: 600;\" href=\"https:\/\/forms.gle\/8Wwgwkj9Ta5fXsnCA\" target=\"_blank\" rel=\"noopener\"><br \/>\nRegistreeru<\/a><\/p>\n<\/div>\n<\/div>\n<p>[\/vc_column_text][vc_column_text css=&#8221;&#8221;]<\/p>\n<div id=\"b2-kursus\" style=\"position: relative; background: #e5e7eb; border-radius: 32px; padding: 20px; font-family: Arial,sans-serif;\"><!-- MIDLE B2 --><\/p>\n<div style=\"background: #f3f4f6; border-radius: 20px; padding: 28px 30px; margin-left: 20px; box-shadow: 0 6px 20px rgba(0,0,0,0.08);\">\n<h5 style=\"margin: 0 0 14px 0; font-size: 28px; font-weight: bold; color: #374151;\">B2 taseme eksamiks ettevalmistav kursus<\/h5>\n<h5 style=\"margin: 0 0 14px 0; font-size: 28px; font-weight: bold; color: #374151;\">(B2.1 + B2.2)<\/h5>\n<p><!-- EST --><\/p>\n<p style=\"margin: 0 0 12px 0; line-height: 1.7; color: #4b5563;\">Kursuse kogumaht on 400 akadeemilist tundi, millest 200 akadeemilist tundi on kontakt\u00f5pe.<br \/>\nKursus valmistab \u00f5ppijat ette B2-taseme eksamiks ning arendab iseseisva keelekasutaja oskusi.<br \/>\n<b>P\u00e4rast kursuse l\u00e4bimist on \u00f5ppija valmis B2 eksamit sooritama.<\/b><br \/>\nKursused toimuvad <b>online<\/b> v\u00f5i \u00f5ppeklassis <b>Narvas (Soldina 1)<\/b>.<\/p>\n<p><!-- divider --><\/p>\n<div style=\"height: 1px; background: #d1d5db; margin: 14px 0;\"><\/div>\n<p><!-- RUS --><\/p>\n<p style=\"margin: 0 0 14px 0; line-height: 1.7; color: #6b7280;\">\u041e\u0431\u0449\u0438\u0439 \u043e\u0431\u044a\u0451\u043c \u043a\u0443\u0440\u0441\u0430 \u2014 400 \u0447\u0430\u0441\u043e\u0432, \u0438\u0437 \u043d\u0438\u0445 200 \u043a\u043e\u043d\u0442\u0430\u043a\u0442\u043d\u044b\u0445.<br \/>\n\u041a\u0443\u0440\u0441 \u0433\u043e\u0442\u043e\u0432\u0438\u0442 \u043a \u044d\u043a\u0437\u0430\u043c\u0435\u043d\u0443 \u0443\u0440\u043e\u0432\u043d\u044f B2 \u0438 \u0440\u0430\u0437\u0432\u0438\u0432\u0430\u0435\u0442 \u0443\u0432\u0435\u0440\u0435\u043d\u043d\u043e\u0435 \u0432\u043b\u0430\u0434\u0435\u043d\u0438\u0435 \u044f\u0437\u044b\u043a\u043e\u043c.<\/p>\n<p style=\"margin: 0 0 14px 0; line-height: 1.7; color: #6b7280;\">\u0421\u0442\u043e\u0438\u043c\u043e\u0441\u0442\u044c \u043e\u0431\u0443\u0447\u0435\u043d\u0438\u044f &#8211; 2400 eur<br \/>\n<b>\u041f\u043e\u0441\u043b\u0435 \u043e\u043a\u043e\u043d\u0447\u0430\u043d\u0438\u044f \u0441\u0442\u0443\u0434\u0435\u043d\u0442 \u043c\u043e\u0436\u0435\u0442 \u0443\u0441\u043f\u0435\u0448\u043d\u043e \u0441\u0434\u0430\u0442\u044c \u044d\u043a\u0437\u0430\u043c\u0435\u043d B2.<\/b><br \/>\n\u041e\u0431\u0443\u0447\u0435\u043d\u0438\u0435 \u043f\u0440\u043e\u0445\u043e\u0434\u0438\u0442 <b>\u043e\u043d\u043b\u0430\u0439\u043d<\/b> \u0438\u043b\u0438 \u0432 \u043a\u043b\u0430\u0441\u0441\u0435 \u0432 <b>\u041d\u0430\u0440\u0432\u0435 (Soldina 1)<\/b>.<\/p>\n<p style=\"margin: 0 0 12px 0;\"><a style=\"color: #ec4899; font-weight: bold;\" href=\"https:\/\/b-lingua.ee\/?page_id=1504\" target=\"_blank\" rel=\"noopener\"><br \/>\n\u00d5ppekava \/ \u0423\u0447\u0435\u0431\u043d\u0430\u044f \u043f\u0440\u043e\u0433\u0440\u0430\u043c\u043c\u0430<br \/>\n<\/a><\/p>\n<p><select style=\"width: 100%; padding: 12px; border-radius: 10px; border: 1px solid #d1d5db; margin-bottom: 16px;\"><option disabled=\"disabled\" selected=\"selected\">Vali periood<\/option><option>11.05.2026 \u2013 19.02.2027<\/option><option>08.06.2026 \u2013 19.03.2027<\/option><option>24.08.2026 \u2013 17.05.2027<\/option><option>14.09.2026 \u2013 07.06.2027<\/option><option>05.10.2026 \u2013 28.06.2027<\/option><\/select><\/p>\n<p><a style=\"display: inline-block; background: #ec4899; color: #fff; padding: 12px 24px; border-radius: 30px; text-decoration: none; font-weight: 600;\" href=\"https:\/\/forms.gle\/8Wwgwkj9Ta5fXsnCA\" target=\"_blank\" rel=\"noopener\"><br \/>\nRegistreeru<br \/>\n<\/a><\/p>\n<\/div>\n<\/div>\n<p>[\/vc_column_text][\/vc_column][\/vc_row][vc_row][vc_column][vc_btn title=&#8221;Registreerin kursusele&#8221; color=&#8221;warning&#8221; size=&#8221;lg&#8221; css=&#8221;&#8221; link=&#8221;url:https%3A%2F%2Fforms.gle%2Fz4yADqJzUgdCbgzK6&#8243;][\/vc_column][\/vc_row][vc_row][vc_column][vc_column_text css=&#8221;&#8221;]<\/p>\n<h2>Tutvu \u00f5ppekavaga:<\/h2>\n<p><a href=\"https:\/\/b-lingua.ee\/?page_id=1498\">A2 \u2013 eesti keele \u00f5ppekava\u00a0<\/a><\/p>\n<p><a href=\"https:\/\/b-lingua.ee\/?page_id=1492\">B1- eesti keele \u00f5ppekava<\/a><\/p>\n<p><a href=\"https:\/\/b-lingua.ee\/?page_id=1504\">B2- eesti keele \u00f5ppekava<\/a><\/p>\n<p><a href=\"https:\/\/b-lingua.ee\/?page_id=2585\">B2 taseme \u00f5ppekava Moodul II &#8211; B2.1<\/a><\/p>\n<p><a href=\"https:\/\/b-lingua.ee\/?page_id=2587\">B2 taseme \u00f5ppekava. Moodul II. B2.2<\/a><\/p>\n<p><a href=\"https:\/\/b-lingua.ee\/?page_id=2590\">B2 taseme \u00f5ppekava Moodul III &#8211; B2.3<\/a><\/p>\n<p><a href=\"https:\/\/b-lingua.ee\/?page_id=1513\">C1- eesti keele \u00f5ppekava<\/a>[\/vc_column_text][\/vc_column][\/vc_row][vc_row][vc_column width=&#8221;1\/3&#8243;][vc_column_text css=&#8221;&#8221;]B-Lingua Koolitused OU<br \/>\nEE982200221072214108 Swedbank<\/p>\n<p>&nbsp;<\/p>\n<p>&nbsp;<\/p>\n<p>[\/vc_column_text][\/vc_column][vc_column width=&#8221;1\/3&#8243;][vc_column_text css=&#8221;&#8221;]<\/p>\n<p style=\"text-align: center;\">+37258101778<br \/>\nb.lingua.kool@gmail.com<\/p>\n<p>[\/vc_column_text][vc_single_image image=&#8221;2542&#8243; img_size=&#8221;medium&#8221; alignment=&#8221;center&#8221; css=&#8221;&#8221;][\/vc_column][vc_column width=&#8221;1\/3&#8243;][vc_column_text css=&#8221;&#8221;]<\/p>\n<p style=\"text-align: center;\">Registrikood 14641760<br \/>\nRahu 6-29, 21003, Narva<\/p>\n<p>[\/vc_column_text][\/vc_column][\/vc_row]<\/p>\n<\/div>","protected":false},"excerpt":{"rendered":"<p>[vc_row][vc_column][vc_raw_html css=&#8221;&#8221;]JTBBJTNDZGl2JTIwc3R5bGUlM0QlMjJkaXNwbGF5JTNBZ3JpZCUzQiUyMGdyaWQtdGVtcGxhdGUtY29sdW1ucyUzQXJlcGVhdCUyODQlMkMlMjAxZnIlMjklM0IlMjBnYXAlM0EyMHB4JTNCJTIwbWFyZ2luJTNBMjBweCUyMDAlMjA0MHB4JTIwMCUzQiUyMGZvbnQtZmFtaWx5JTNBQXJpYWwlMkNzYW5zLXNlcmlmJTNCJTIyJTNFJTBBJTBBJTIwJTIwJTNDYSUyMGhyZWYlM0QlMjIlMjNhMi1rdXJzdXMlMjIlMjBzdHlsZSUzRCUyMnRleHQtZGVjb3JhdGlvbiUzQW5vbmUlM0IlMjIlM0UlMEElMjAlMjAlMjAlMjAlM0NkaXYlMjBzdHlsZSUzRCUyMmJhY2tncm91bmQlM0ElMjNlNWU3ZWIlM0IlMjBib3JkZXItcmFkaXVzJTNBMjRweCUzQiUyMG1pbi1oZWlnaHQlM0ExNjBweCUzQiUyMGRpc3BsYXklM0FmbGV4JTNCJTIwYWxpZ24taXRlbXMlM0FjZW50ZXIlM0IlMjBqdXN0aWZ5LWNvbnRlbnQlM0FjZW50ZXIlM0IlMjBib3gtc2hhZG93JTNBMCUyMDZweCUyMDIwcHglMjByZ2JhJTI4MCUyQzAlMkMwJTJDMC4wOCUyOSUzQiUyMHRyYW5zaXRpb24lM0FhbGwlMjAwLjJzJTIwZWFzZSUzQiUyMiUzRSUwQSUyMCUyMCUyMCUyMCUyMCUyMCUzQ3NwYW4lMjBzdHlsZSUzRCUyMmZvbnQtc2l6ZSUzQTU2cHglM0IlMjBmb250LXdlaWdodCUzQTkwMCUzQiUyMGNvbG9yJTNBJTIzZWM0ODk5JTNCJTIyJTNFQTIlM0MlMkZzcGFuJTNFJTBBJTIwJTIwJTIwJTIwJTNDJTJGZGl2JTNFJTBBJTIwJTIwJTNDJTJGYSUzRSUwQSUwQSUyMCUyMCUzQ2ElMjBocmVmJTNEJTIyJTIzYjEta3Vyc3VzJTIyJTIwc3R5bGUlM0QlMjJ0ZXh0LWRlY29yYXRpb24lM0Fub25lJTNCJTIyJTNFJTBBJTIwJTIwJTIwJTIwJTNDZGl2JTIwc3R5bGUlM0QlMjJiYWNrZ3JvdW5kJTNBJTIzZjI4YzI4JTNCJTIwYm9yZGVyLXJhZGl1cyUzQTI0cHglM0IlMjBtaW4taGVpZ2h0JTNBMTYwcHglM0IlMjBkaXNwbGF5JTNBZmxleCUzQiUyMGFsaWduLWl0ZW1zJTNBY2VudGVyJTNCJTIwanVzdGlmeS1jb250ZW50JTNBY2VudGVyJTNCJTIwYm94LXNoYWRvdyUzQTAlMjA2cHglMjAyMHB4JTIwcmdiYSUyODAlMkMwJTJDMCUyQzAuMDglMjklM0IlMjB0cmFuc2l0aW9uJTNBYWxsJTIwMC4ycyUyMGVhc2UlM0IlMjIlM0UlMEElMjAlMjAlMjAlMjAlMjAlMjAlM0NzcGFuJTIwc3R5bGUlM0QlMjJmb250LXNpemUlM0E1NnB4JTNCJTIwZm9udC13ZWlnaHQlM0E5MDAlM0IlMjBjb2xvciUzQSUyM2ZmZmZmZiUzQiUyMiUzRUIxJTNDJTJGc3BhbiUzRSUwQSUyMCUyMCUyMCUyMCUzQyUyRmRpdiUzRSUwQSUyMCUyMCUzQyUyRmElM0UlMEElMEElMjAlMjAlM0NhJTIwaHJlZiUzRCUyMiUyM2IyLWt1cnN1cyUyMiUyMHN0eWxlJTNEJTIydGV4dC1kZWNvcmF0aW9uJTNBbm9uZSUzQiUyMiUzRSUwQSUyMCUyMCUyMCUyMCUzQ2RpdiUyMHN0eWxlJTNEJTIyYmFja2dyb3VuZCUzQSUyM2U1ZTdlYiUzQiUyMGJvcmRlci1yYWRpdXMlM0EyNHB4JTNCJTIwbWluLWhlaWdodCUzQTE2MHB4JTNCJTIwZGlzcGxheSUzQWZsZXglM0IlMjBhbGlnbi1pdGVtcyUzQWNlbnRlciUzQiUyMGp1c3RpZnktY29udGVudCUzQWNlbnRlciUzQiUyMGJveC1zaGFkb3clM0EwJTIwNnB4JTIwMjBweCUyMHJnYmElMjgwJTJDMCUyQzAlMkMwLjA4JTI5JTNCJTIwdHJhbnNpdGlvbiUzQWFsbCUyMDAuMnMlMjBlYXNlJTNCJTIyJTNFJTBBJTIwJTIwJTIwJTIwJTIwJTIwJTNDc3BhbiUyMHN0eWxlJTNEJTIyZm9udC1zaXplJTNBNTZweCUzQiUyMGZvbnQtd2VpZ2h0JTNBOTAwJTNCJTIwY29sb3IlM0ElMjNlYzQ4OTklM0IlMjIlM0VCMiUzQyUyRnNwYW4lM0UlMEElMjAlMjAlMjAlMjAlM0MlMkZkaXYlM0UlMEElMjAlMjAlM0MlMkZhJTNFJTBBJTBBJTIwJTIwJTNDYSUyMGhyZWYlM0QlMjIlMjNjMS1rdXJzdXMlMjIlMjBzdHlsZSUzRCUyMnRleHQtZGVjb3JhdGlvbiUzQW5vbmUlM0IlMjIlM0UlMEElMjAlMjAlMjAlMjAlM0NkaXYlMjBzdHlsZSUzRCUyMmJhY2tncm91bmQlM0ElMjNmMjhjMjglM0IlMjBib3JkZXItcmFkaXVzJTNBMjRweCUzQiUyMG1pbi1oZWlnaHQlM0ExNjBweCUzQiUyMGRpc3BsYXklM0FmbGV4JTNCJTIwYWxpZ24taXRlbXMlM0FjZW50ZXIlM0IlMjBqdXN0aWZ5LWNvbnRlbnQlM0FjZW50ZXIlM0IlMjBib3gtc2hhZG93JTNBMCUyMDZweCUyMDIwcHglMjByZ2JhJTI4MCUyQzAlMkMwJTJDMC4wOCUyOSUzQiUyMHRyYW5zaXRpb24lM0FhbGwlMjAwLjJzJTIwZWFzZSUzQiUyMiUzRSUwQSUyMCUyMCUyMCUyMCUyMCUyMCUzQ3NwYW4lMjBzdHlsZSUzRCUyMmZvbnQtc2l6ZSUzQTU2cHglM0IlMjBmb250LXdlaWdodCUzQTkwMCUzQiUyMGNvbG9yJTNBJTIzZmZmZmZmJTNCJTIyJTNFQzElM0MlMkZzcGFuJTNFJTBBJTIwJTIwJTIwJTIwJTNDJTJGZGl2JTNFJTBBJTIwJTIwJTNDJTJGYSUzRSUwQSUwQSUzQyUyRmRpdiUzRQ==[\/vc_raw_html][\/vc_column][\/vc_row][vc_row][vc_column width=&#8221;1\/2&#8243;][vc_column_text css=&#8221;&#8221;] A2 taseme eksamiks ettevalmistav kursus Kursuse kogumaht on 240 akadeemilist tundi, millest 140 akadeemilist tundi on kontakt\u00f5pe. Kursus valmistab \u00f5ppijat ette A2-taseme eksamiks ning arendab k\u00f5iki osaoskusi. P\u00e4rast kursuse l\u00e4bimist on \u00f5ppija valmis A2 eksamit sooritama. Kursused toimuvad online v\u00f5i \u00f5ppeklassis Narvas (Soldina 1). \u041e\u0431\u0449\u0438\u0439 \u043e\u0431\u044a\u0451\u043c \u043a\u0443\u0440\u0441\u0430 \u2014 240 \u0447\u0430\u0441\u043e\u0432, \u0438\u0437 [&hellip;]<\/p>\n","protected":false},"author":1,"featured_media":0,"parent":0,"menu_order":0,"comment_status":"closed","ping_status":"closed","template":"","meta":{"footnotes":""},"class_list":["post-1640","page","type-page","status-publish","hentry"],"_links":{"self":[{"href":"https:\/\/b-lingua.ee\/index.php?rest_route=\/wp\/v2\/pages\/1640","targetHints":{"allow":["GET"]}}],"collection":[{"href":"https:\/\/b-lingua.ee\/index.php?rest_route=\/wp\/v2\/pages"}],"about":[{"href":"https:\/\/b-lingua.ee\/index.php?rest_route=\/wp\/v2\/types\/page"}],"author":[{"embeddable":true,"href":"https:\/\/b-lingua.ee\/index.php?rest_route=\/wp\/v2\/users\/1"}],"replies":[{"embeddable":true,"href":"https:\/\/b-lingua.ee\/index.php?rest_route=%2Fwp%2Fv2%2Fcomments&post=1640"}],"version-history":[{"count":77,"href":"https:\/\/b-lingua.ee\/index.php?rest_route=\/wp\/v2\/pages\/1640\/revisions"}],"predecessor-version":[{"id":2768,"href":"https:\/\/b-lingua.ee\/index.php?rest_route=\/wp\/v2\/pages\/1640\/revisions\/2768"}],"wp:attachment":[{"href":"https:\/\/b-lingua.ee\/index.php?rest_route=%2Fwp%2Fv2%2Fmedia&parent=1640"}],"curies":[{"name":"wp","href":"https:\/\/api.w.org\/{rel}","templated":true}]}}